{"id":2966,"date":"2023-09-29T09:50:19","date_gmt":"2023-09-29T09:50:19","guid":{"rendered":"https:\/\/miragliaolive.com\/?page_id=2966"},"modified":"2024-05-15T10:16:23","modified_gmt":"2024-05-15T10:16:23","slug":"food-service","status":"publish","type":"page","link":"https:\/\/miragliaolive.com\/fr\/food-service\/","title":{"rendered":"Food Service"},"content":{"rendered":"\t\t<div data-elementor-type=\"wp-page\" data-elementor-id=\"2966\" class=\"elementor elementor-2966 elementor-1207\" data-elementor-post-type=\"page\">\n\t\t\t\t<div class=\"elementor-element elementor-element-b250a08 e-flex e-con-boxed sc_inner_width_none sc_layouts_column_icons_position_left e-con e-parent\" data-id=\"b250a08\" data-element_type=\"container\">\n\t\t\t\t\t<div class=\"e-con-inner\">\n\t\t<div class=\"elementor-element elementor-element-fc6a9fe e-con-full e-flex sc_inner_width_none sc_layouts_column_icons_position_left e-con e-child\" data-id=\"fc6a9fe\" data-element_type=\"container\">\n\t\t\t\t<div class=\"elementor-element elementor-element-1ef4033 sc_fly_static elementor-widget elementor-widget-heading\" data-id=\"1ef4033\" data-element_type=\"widget\" data-widget_type=\"heading.default\">\n\t\t\t\t<div class=\"elementor-widget-container\">\n\t\t\t\t\t<h2 class=\"elementor-heading-title elementor-size-default\">Baignoires<\/h2>\t\t\t\t<\/div>\n\t\t\t\t<\/div>\n\t\t\t\t<div class=\"elementor-element elementor-element-d63f146 e-transform e-transform sc_fly_static elementor-widget elementor-widget-image\" data-id=\"d63f146\" data-element_type=\"widget\" data-settings=\"{&quot;_transform_rotateZ_effect_hover&quot;:{&quot;unit&quot;:&quot;px&quot;,&quot;size&quot;:-4,&quot;sizes&quot;:[]},&quot;_transform_scale_effect_hover&quot;:{&quot;unit&quot;:&quot;px&quot;,&quot;size&quot;:1.100000000000000088817841970012523233890533447265625,&quot;sizes&quot;:[]},&quot;_transform_rotateZ_effect_hover_widescreen&quot;:{&quot;unit&quot;:&quot;deg&quot;,&quot;size&quot;:&quot;&quot;,&quot;sizes&quot;:[]},&quot;_transform_rotateZ_effect_hover_laptop&quot;:{&quot;unit&quot;:&quot;deg&quot;,&quot;size&quot;:&quot;&quot;,&quot;sizes&quot;:[]},&quot;_transform_rotateZ_effect_hover_tablet_extra&quot;:{&quot;unit&quot;:&quot;deg&quot;,&quot;size&quot;:&quot;&quot;,&quot;sizes&quot;:[]},&quot;_transform_rotateZ_effect_hover_tablet&quot;:{&quot;unit&quot;:&quot;deg&quot;,&quot;size&quot;:&quot;&quot;,&quot;sizes&quot;:[]},&quot;_transform_rotateZ_effect_hover_mobile_extra&quot;:{&quot;unit&quot;:&quot;deg&quot;,&quot;size&quot;:&quot;&quot;,&quot;sizes&quot;:[]},&quot;_transform_rotateZ_effect_hover_mobile&quot;:{&quot;unit&quot;:&quot;deg&quot;,&quot;size&quot;:&quot;&quot;,&quot;sizes&quot;:[]},&quot;_transform_scale_effect_hover_widescreen&quot;:{&quot;unit&quot;:&quot;px&quot;,&quot;size&quot;:&quot;&quot;,&quot;sizes&quot;:[]},&quot;_transform_scale_effect_hover_laptop&quot;:{&quot;unit&quot;:&quot;px&quot;,&quot;size&quot;:&quot;&quot;,&quot;sizes&quot;:[]},&quot;_transform_scale_effect_hover_tablet_extra&quot;:{&quot;unit&quot;:&quot;px&quot;,&quot;size&quot;:&quot;&quot;,&quot;sizes&quot;:[]},&quot;_transform_scale_effect_hover_tablet&quot;:{&quot;unit&quot;:&quot;px&quot;,&quot;size&quot;:&quot;&quot;,&quot;sizes&quot;:[]},&quot;_transform_scale_effect_hover_mobile_extra&quot;:{&quot;unit&quot;:&quot;px&quot;,&quot;size&quot;:&quot;&quot;,&quot;sizes&quot;:[]},&quot;_transform_scale_effect_hover_mobile&quot;:{&quot;unit&quot;:&quot;px&quot;,&quot;size&quot;:&quot;&quot;,&quot;sizes&quot;:[]}}\" data-widget_type=\"image.default\">\n\t\t\t\t<div class=\"elementor-widget-container\">\n\t\t\t\t\t\t\t\t\t\t\t\t\t\t\t<img fetchpriority=\"high\" decoding=\"async\" width=\"1080\" height=\"1080\" src=\"https:\/\/miragliaolive.com\/wp-content\/uploads\/2024\/03\/img-cat-fs-vasche.jpg\" class=\"attachment-full size-full wp-image-3775\" alt=\"\" srcset=\"https:\/\/miragliaolive.com\/wp-content\/uploads\/2024\/03\/img-cat-fs-vasche.jpg 1080w, https:\/\/miragliaolive.com\/wp-content\/uploads\/2024\/03\/img-cat-fs-vasche-500x500.jpg 500w, https:\/\/miragliaolive.com\/wp-content\/uploads\/2024\/03\/img-cat-fs-vasche-150x150.jpg 150w, https:\/\/miragliaolive.com\/wp-content\/uploads\/2024\/03\/img-cat-fs-vasche-300x300.jpg 300w, https:\/\/miragliaolive.com\/wp-content\/uploads\/2024\/03\/img-cat-fs-vasche-1024x1024.jpg 1024w, https:\/\/miragliaolive.com\/wp-content\/uploads\/2024\/03\/img-cat-fs-vasche-768x768.jpg 768w, https:\/\/miragliaolive.com\/wp-content\/uploads\/2024\/03\/img-cat-fs-vasche-370x370.jpg 370w, https:\/\/miragliaolive.com\/wp-content\/uploads\/2024\/03\/img-cat-fs-vasche-120x120.jpg 120w, https:\/\/miragliaolive.com\/wp-content\/uploads\/2024\/03\/img-cat-fs-vasche-840x840.jpg 840w, https:\/\/miragliaolive.com\/wp-content\/uploads\/2024\/03\/img-cat-fs-vasche-410x410.jpg 410w\" sizes=\"(max-width: 1080px) 100vw, 1080px\" \/>\t\t\t\t\t\t\t\t\t\t\t\t\t\t\t<\/div>\n\t\t\t\t<\/div>\n\t\t\t\t<div class=\"elementor-element elementor-element-94c204b sc_fly_static elementor-widget elementor-widget-trx_sc_button\" data-id=\"94c204b\" data-element_type=\"widget\" data-widget_type=\"trx_sc_button.default\">\n\t\t\t\t<div class=\"elementor-widget-container\">\n\t\t\t\t\t<div\tclass=\"sc_item_button sc_button_wrap sc_align_center\" ><a href=\"\/fr\/Categories\/food-service-fr\/baignoires\/\" class=\"sc_button sc_button_hover sc_button_size_normal sc_button_icon_left\" ><span class=\"sc_button_text\"><span class=\"sc_button_title\">D\u00e9couvrez la gamme<\/span><\/span><\/a><\/div>\t\t\t\t<\/div>\n\t\t\t\t<\/div>\n\t\t\t\t<\/div>\n\t\t<div class=\"elementor-element elementor-element-b4885de e-con-full e-flex sc_inner_width_none sc_layouts_column_icons_position_left e-con e-child\" data-id=\"b4885de\" data-element_type=\"container\">\n\t\t\t\t<div class=\"elementor-element elementor-element-276e4e0 sc_fly_static elementor-widget elementor-widget-heading\" data-id=\"276e4e0\" data-element_type=\"widget\" data-widget_type=\"heading.default\">\n\t\t\t\t<div class=\"elementor-widget-container\">\n\t\t\t\t\t<h2 class=\"elementor-heading-title elementor-size-default\">S\u00e9ch\u00e9<\/h2>\t\t\t\t<\/div>\n\t\t\t\t<\/div>\n\t\t\t\t<div class=\"elementor-element elementor-element-eff37ef e-transform e-transform sc_fly_static elementor-widget elementor-widget-image\" data-id=\"eff37ef\" data-element_type=\"widget\" data-settings=\"{&quot;_transform_rotateZ_effect_hover&quot;:{&quot;unit&quot;:&quot;px&quot;,&quot;size&quot;:-4,&quot;sizes&quot;:[]},&quot;_transform_scale_effect_hover&quot;:{&quot;unit&quot;:&quot;px&quot;,&quot;size&quot;:1.100000000000000088817841970012523233890533447265625,&quot;sizes&quot;:[]},&quot;_transform_rotateZ_effect_hover_widescreen&quot;:{&quot;unit&quot;:&quot;deg&quot;,&quot;size&quot;:&quot;&quot;,&quot;sizes&quot;:[]},&quot;_transform_rotateZ_effect_hover_laptop&quot;:{&quot;unit&quot;:&quot;deg&quot;,&quot;size&quot;:&quot;&quot;,&quot;sizes&quot;:[]},&quot;_transform_rotateZ_effect_hover_tablet_extra&quot;:{&quot;unit&quot;:&quot;deg&quot;,&quot;size&quot;:&quot;&quot;,&quot;sizes&quot;:[]},&quot;_transform_rotateZ_effect_hover_tablet&quot;:{&quot;unit&quot;:&quot;deg&quot;,&quot;size&quot;:&quot;&quot;,&quot;sizes&quot;:[]},&quot;_transform_rotateZ_effect_hover_mobile_extra&quot;:{&quot;unit&quot;:&quot;deg&quot;,&quot;size&quot;:&quot;&quot;,&quot;sizes&quot;:[]},&quot;_transform_rotateZ_effect_hover_mobile&quot;:{&quot;unit&quot;:&quot;deg&quot;,&quot;size&quot;:&quot;&quot;,&quot;sizes&quot;:[]},&quot;_transform_scale_effect_hover_widescreen&quot;:{&quot;unit&quot;:&quot;px&quot;,&quot;size&quot;:&quot;&quot;,&quot;sizes&quot;:[]},&quot;_transform_scale_effect_hover_laptop&quot;:{&quot;unit&quot;:&quot;px&quot;,&quot;size&quot;:&quot;&quot;,&quot;sizes&quot;:[]},&quot;_transform_scale_effect_hover_tablet_extra&quot;:{&quot;unit&quot;:&quot;px&quot;,&quot;size&quot;:&quot;&quot;,&quot;sizes&quot;:[]},&quot;_transform_scale_effect_hover_tablet&quot;:{&quot;unit&quot;:&quot;px&quot;,&quot;size&quot;:&quot;&quot;,&quot;sizes&quot;:[]},&quot;_transform_scale_effect_hover_mobile_extra&quot;:{&quot;unit&quot;:&quot;px&quot;,&quot;size&quot;:&quot;&quot;,&quot;sizes&quot;:[]},&quot;_transform_scale_effect_hover_mobile&quot;:{&quot;unit&quot;:&quot;px&quot;,&quot;size&quot;:&quot;&quot;,&quot;sizes&quot;:[]}}\" data-widget_type=\"image.default\">\n\t\t\t\t<div class=\"elementor-widget-container\">\n\t\t\t\t\t\t\t\t\t\t\t\t\t\t\t<img decoding=\"async\" width=\"1080\" height=\"1080\" src=\"https:\/\/miragliaolive.com\/wp-content\/uploads\/2024\/03\/img-cat-fs-secchi.jpg\" class=\"attachment-full size-full wp-image-3773\" alt=\"\" srcset=\"https:\/\/miragliaolive.com\/wp-content\/uploads\/2024\/03\/img-cat-fs-secchi.jpg 1080w, https:\/\/miragliaolive.com\/wp-content\/uploads\/2024\/03\/img-cat-fs-secchi-500x500.jpg 500w, https:\/\/miragliaolive.com\/wp-content\/uploads\/2024\/03\/img-cat-fs-secchi-150x150.jpg 150w, https:\/\/miragliaolive.com\/wp-content\/uploads\/2024\/03\/img-cat-fs-secchi-300x300.jpg 300w, https:\/\/miragliaolive.com\/wp-content\/uploads\/2024\/03\/img-cat-fs-secchi-1024x1024.jpg 1024w, https:\/\/miragliaolive.com\/wp-content\/uploads\/2024\/03\/img-cat-fs-secchi-768x768.jpg 768w, https:\/\/miragliaolive.com\/wp-content\/uploads\/2024\/03\/img-cat-fs-secchi-370x370.jpg 370w, https:\/\/miragliaolive.com\/wp-content\/uploads\/2024\/03\/img-cat-fs-secchi-120x120.jpg 120w, https:\/\/miragliaolive.com\/wp-content\/uploads\/2024\/03\/img-cat-fs-secchi-840x840.jpg 840w, https:\/\/miragliaolive.com\/wp-content\/uploads\/2024\/03\/img-cat-fs-secchi-410x410.jpg 410w\" sizes=\"(max-width: 1080px) 100vw, 1080px\" \/>\t\t\t\t\t\t\t\t\t\t\t\t\t\t\t<\/div>\n\t\t\t\t<\/div>\n\t\t\t\t<div class=\"elementor-element elementor-element-d97af82 sc_fly_static elementor-widget elementor-widget-trx_sc_button\" data-id=\"d97af82\" data-element_type=\"widget\" data-widget_type=\"trx_sc_button.default\">\n\t\t\t\t<div class=\"elementor-widget-container\">\n\t\t\t\t\t<div\tclass=\"sc_item_button sc_button_wrap sc_align_center\" ><a href=\"\/fr\/Categories\/food-service-fr\/seche\/\" class=\"sc_button sc_button_hover sc_button_size_normal sc_button_icon_left\" ><span class=\"sc_button_text\"><span class=\"sc_button_title\">D\u00e9couvrez la gamme<\/span><\/span><\/a><\/div>\t\t\t\t<\/div>\n\t\t\t\t<\/div>\n\t\t\t\t<\/div>\n\t\t\t\t\t<\/div>\n\t\t\t\t<\/div>\n\t\t\t\t<\/div>\n\t\t","protected":false},"excerpt":{"rendered":"<p>Baignoires D\u00e9couvrez la gamme S\u00e9ch\u00e9 D\u00e9couvrez la gamme<\/p>\n","protected":false},"author":2,"featured_media":0,"parent":0,"menu_order":0,"comment_status":"closed","ping_status":"closed","template":"","meta":{"_acf_changed":false,"_monsterinsights_skip_tracking":false,"_monsterinsights_sitenote_active":false,"_monsterinsights_sitenote_note":"","_monsterinsights_sitenote_category":0,"_joinchat":[],"footnotes":""},"class_list":["post-2966","page","type-page","status-publish","hentry"],"acf":[],"yoast_head":"<!-- This site is optimized with the Yoast SEO plugin v26.0 - https:\/\/yoast.com\/wordpress\/plugins\/seo\/ -->\n<title>Food Service - Miraglia Olive<\/title>\n<meta name=\"robots\" content=\"index, follow, max-snippet:-1, max-image-preview:large, max-video-preview:-1\" \/>\n<link rel=\"canonical\" href=\"https:\/\/miragliaolive.com\/fr\/food-service\/\" \/>\n<meta property=\"og:locale\" content=\"fr_FR\" \/>\n<meta property=\"og:type\" content=\"article\" \/>\n<meta property=\"og:title\" content=\"Food Service - Miraglia Olive\" \/>\n<meta property=\"og:description\" content=\"Baignoires D\u00e9couvrez la gamme S\u00e9ch\u00e9 D\u00e9couvrez la gamme\" \/>\n<meta property=\"og:url\" content=\"https:\/\/miragliaolive.com\/fr\/food-service\/\" \/>\n<meta property=\"og:site_name\" content=\"Miraglia Olive\" \/>\n<meta property=\"article:modified_time\" content=\"2024-05-15T10:16:23+00:00\" \/>\n<meta property=\"og:image\" content=\"https:\/\/miragliaolive.com\/wp-content\/uploads\/2024\/03\/img-cat-fs-vasche.jpg\" \/>\n<meta name=\"twitter:card\" content=\"summary_large_image\" \/>\n<meta name=\"twitter:label1\" content=\"Dur\u00e9e de lecture estim\u00e9e\" \/>\n\t<meta name=\"twitter:data1\" content=\"1 minute\" \/>\n<script type=\"application\/ld+json\" class=\"yoast-schema-graph\">{\"@context\":\"https:\/\/schema.org\",\"@graph\":[{\"@type\":\"WebPage\",\"@id\":\"https:\/\/miragliaolive.com\/fr\/food-service\/\",\"url\":\"https:\/\/miragliaolive.com\/fr\/food-service\/\",\"name\":\"Food Service - Miraglia Olive\",\"isPartOf\":{\"@id\":\"https:\/\/miragliaolive.com\/fr\/#website\"},\"primaryImageOfPage\":{\"@id\":\"https:\/\/miragliaolive.com\/fr\/food-service\/#primaryimage\"},\"image\":{\"@id\":\"https:\/\/miragliaolive.com\/fr\/food-service\/#primaryimage\"},\"thumbnailUrl\":\"https:\/\/miragliaolive.com\/wp-content\/uploads\/2024\/03\/img-cat-fs-vasche.jpg\",\"datePublished\":\"2023-09-29T09:50:19+00:00\",\"dateModified\":\"2024-05-15T10:16:23+00:00\",\"breadcrumb\":{\"@id\":\"https:\/\/miragliaolive.com\/fr\/food-service\/#breadcrumb\"},\"inLanguage\":\"fr-FR\",\"potentialAction\":[{\"@type\":\"ReadAction\",\"target\":[\"https:\/\/miragliaolive.com\/fr\/food-service\/\"]}]},{\"@type\":\"ImageObject\",\"inLanguage\":\"fr-FR\",\"@id\":\"https:\/\/miragliaolive.com\/fr\/food-service\/#primaryimage\",\"url\":\"https:\/\/miragliaolive.com\/wp-content\/uploads\/2024\/03\/img-cat-fs-vasche.jpg\",\"contentUrl\":\"https:\/\/miragliaolive.com\/wp-content\/uploads\/2024\/03\/img-cat-fs-vasche.jpg\"},{\"@type\":\"BreadcrumbList\",\"@id\":\"https:\/\/miragliaolive.com\/fr\/food-service\/#breadcrumb\",\"itemListElement\":[{\"@type\":\"ListItem\",\"position\":1,\"name\":\"Home\",\"item\":\"https:\/\/miragliaolive.com\/fr\/\"},{\"@type\":\"ListItem\",\"position\":2,\"name\":\"Food Service\"}]},{\"@type\":\"WebSite\",\"@id\":\"https:\/\/miragliaolive.com\/fr\/#website\",\"url\":\"https:\/\/miragliaolive.com\/fr\/\",\"name\":\"Miragliaolive\",\"description\":\"Le Pi\u00f9 Belle Olive da Tavola\",\"publisher\":{\"@id\":\"https:\/\/miragliaolive.com\/fr\/#organization\"},\"potentialAction\":[{\"@type\":\"SearchAction\",\"target\":{\"@type\":\"EntryPoint\",\"urlTemplate\":\"https:\/\/miragliaolive.com\/fr\/?s={search_term_string}\"},\"query-input\":{\"@type\":\"PropertyValueSpecification\",\"valueRequired\":true,\"valueName\":\"search_term_string\"}}],\"inLanguage\":\"fr-FR\"},{\"@type\":\"Organization\",\"@id\":\"https:\/\/miragliaolive.com\/fr\/#organization\",\"name\":\"Miragliaolive\",\"url\":\"https:\/\/miragliaolive.com\/fr\/\",\"logo\":{\"@type\":\"ImageObject\",\"inLanguage\":\"fr-FR\",\"@id\":\"https:\/\/miragliaolive.com\/fr\/#\/schema\/logo\/image\/\",\"url\":\"https:\/\/miragliaolive.com\/wp-content\/uploads\/2023\/09\/logo-desk.png\",\"contentUrl\":\"https:\/\/miragliaolive.com\/wp-content\/uploads\/2023\/09\/logo-desk.png\",\"width\":364,\"height\":149,\"caption\":\"Miragliaolive\"},\"image\":{\"@id\":\"https:\/\/miragliaolive.com\/fr\/#\/schema\/logo\/image\/\"}}]}<\/script>\n<!-- \/ Yoast SEO plugin. -->","yoast_head_json":{"title":"Food Service - Miraglia Olive","robots":{"index":"index","follow":"follow","max-snippet":"max-snippet:-1","max-image-preview":"max-image-preview:large","max-video-preview":"max-video-preview:-1"},"canonical":"https:\/\/miragliaolive.com\/fr\/food-service\/","og_locale":"fr_FR","og_type":"article","og_title":"Food Service - Miraglia Olive","og_description":"Baignoires D\u00e9couvrez la gamme S\u00e9ch\u00e9 D\u00e9couvrez la gamme","og_url":"https:\/\/miragliaolive.com\/fr\/food-service\/","og_site_name":"Miraglia Olive","article_modified_time":"2024-05-15T10:16:23+00:00","og_image":[{"url":"https:\/\/miragliaolive.com\/wp-content\/uploads\/2024\/03\/img-cat-fs-vasche.jpg","type":"","width":"","height":""}],"twitter_card":"summary_large_image","twitter_misc":{"Dur\u00e9e de lecture estim\u00e9e":"1 minute"},"schema":{"@context":"https:\/\/schema.org","@graph":[{"@type":"WebPage","@id":"https:\/\/miragliaolive.com\/fr\/food-service\/","url":"https:\/\/miragliaolive.com\/fr\/food-service\/","name":"Food Service - Miraglia Olive","isPartOf":{"@id":"https:\/\/miragliaolive.com\/fr\/#website"},"primaryImageOfPage":{"@id":"https:\/\/miragliaolive.com\/fr\/food-service\/#primaryimage"},"image":{"@id":"https:\/\/miragliaolive.com\/fr\/food-service\/#primaryimage"},"thumbnailUrl":"https:\/\/miragliaolive.com\/wp-content\/uploads\/2024\/03\/img-cat-fs-vasche.jpg","datePublished":"2023-09-29T09:50:19+00:00","dateModified":"2024-05-15T10:16:23+00:00","breadcrumb":{"@id":"https:\/\/miragliaolive.com\/fr\/food-service\/#breadcrumb"},"inLanguage":"fr-FR","potentialAction":[{"@type":"ReadAction","target":["https:\/\/miragliaolive.com\/fr\/food-service\/"]}]},{"@type":"ImageObject","inLanguage":"fr-FR","@id":"https:\/\/miragliaolive.com\/fr\/food-service\/#primaryimage","url":"https:\/\/miragliaolive.com\/wp-content\/uploads\/2024\/03\/img-cat-fs-vasche.jpg","contentUrl":"https:\/\/miragliaolive.com\/wp-content\/uploads\/2024\/03\/img-cat-fs-vasche.jpg"},{"@type":"BreadcrumbList","@id":"https:\/\/miragliaolive.com\/fr\/food-service\/#breadcrumb","itemListElement":[{"@type":"ListItem","position":1,"name":"Home","item":"https:\/\/miragliaolive.com\/fr\/"},{"@type":"ListItem","position":2,"name":"Food Service"}]},{"@type":"WebSite","@id":"https:\/\/miragliaolive.com\/fr\/#website","url":"https:\/\/miragliaolive.com\/fr\/","name":"Miragliaolive","description":"Le Pi\u00f9 Belle Olive da Tavola","publisher":{"@id":"https:\/\/miragliaolive.com\/fr\/#organization"},"potentialAction":[{"@type":"SearchAction","target":{"@type":"EntryPoint","urlTemplate":"https:\/\/miragliaolive.com\/fr\/?s={search_term_string}"},"query-input":{"@type":"PropertyValueSpecification","valueRequired":true,"valueName":"search_term_string"}}],"inLanguage":"fr-FR"},{"@type":"Organization","@id":"https:\/\/miragliaolive.com\/fr\/#organization","name":"Miragliaolive","url":"https:\/\/miragliaolive.com\/fr\/","logo":{"@type":"ImageObject","inLanguage":"fr-FR","@id":"https:\/\/miragliaolive.com\/fr\/#\/schema\/logo\/image\/","url":"https:\/\/miragliaolive.com\/wp-content\/uploads\/2023\/09\/logo-desk.png","contentUrl":"https:\/\/miragliaolive.com\/wp-content\/uploads\/2023\/09\/logo-desk.png","width":364,"height":149,"caption":"Miragliaolive"},"image":{"@id":"https:\/\/miragliaolive.com\/fr\/#\/schema\/logo\/image\/"}}]}},"_links":{"self":[{"href":"https:\/\/miragliaolive.com\/fr\/wp-json\/wp\/v2\/pages\/2966","targetHints":{"allow":["GET"]}}],"collection":[{"href":"https:\/\/miragliaolive.com\/fr\/wp-json\/wp\/v2\/pages"}],"about":[{"href":"https:\/\/miragliaolive.com\/fr\/wp-json\/wp\/v2\/types\/page"}],"author":[{"embeddable":true,"href":"https:\/\/miragliaolive.com\/fr\/wp-json\/wp\/v2\/users\/2"}],"replies":[{"embeddable":true,"href":"https:\/\/miragliaolive.com\/fr\/wp-json\/wp\/v2\/comments?post=2966"}],"version-history":[{"count":0,"href":"https:\/\/miragliaolive.com\/fr\/wp-json\/wp\/v2\/pages\/2966\/revisions"}],"wp:attachment":[{"href":"https:\/\/miragliaolive.com\/fr\/wp-json\/wp\/v2\/media?parent=2966"}],"curies":[{"name":"wp","href":"https:\/\/api.w.org\/{rel}","templated":true}]}}