{"id":3982,"date":"2023-10-02T08:53:27","date_gmt":"2023-10-02T08:53:27","guid":{"rendered":"https:\/\/miragliaolive.com\/sostenibilita\/"},"modified":"2024-07-29T19:44:30","modified_gmt":"2024-07-29T19:44:30","slug":"durabilite","status":"publish","type":"page","link":"https:\/\/miragliaolive.com\/fr\/durabilite\/","title":{"rendered":"Durabilit\u00e9"},"content":{"rendered":"\t\t<div data-elementor-type=\"wp-page\" data-elementor-id=\"3982\" class=\"elementor elementor-3982 elementor-1375\" data-elementor-post-type=\"page\">\n\t\t\t\t\t\t<section class=\"elementor-section elementor-top-section elementor-element elementor-element-cb063dd scheme_default elementor-section-boxed elementor-section-height-default elementor-section-height-default sc_fly_static\" data-id=\"cb063dd\" data-element_type=\"section\" data-settings=\"{&quot;background_background&quot;:&quot;classic&quot;}\">\n\t\t\t\t\t\t<div class=\"elementor-container elementor-column-gap-extended\">\n\t\t\t\t\t<div class=\"elementor-column elementor-col-100 elementor-top-column elementor-element elementor-element-3e98fd9 sc_inner_width_none sc_content_align_inherit sc_layouts_column_icons_position_left sc_fly_static\" data-id=\"3e98fd9\" data-element_type=\"column\">\n\t\t\t<div class=\"elementor-widget-wrap elementor-element-populated\">\n\t\t\t\t\t\t<div class=\"elementor-element elementor-element-ae47deb sc_fly_static elementor-widget elementor-widget-spacer\" data-id=\"ae47deb\" data-element_type=\"widget\" data-widget_type=\"spacer.default\">\n\t\t\t\t<div class=\"elementor-widget-container\">\n\t\t\t\t\t\t\t<div class=\"elementor-spacer\">\n\t\t\t<div class=\"elementor-spacer-inner\"><\/div>\n\t\t<\/div>\n\t\t\t\t\t\t<\/div>\n\t\t\t\t<\/div>\n\t\t\t\t<div class=\"elementor-element elementor-element-0561d12 sc_fly_static elementor-widget elementor-widget-trx_sc_title\" data-id=\"0561d12\" data-element_type=\"widget\" data-widget_type=\"trx_sc_title.default\">\n\t\t\t\t<div class=\"elementor-widget-container\">\n\t\t\t\t\t<div\t\tclass=\"sc_title sc_title_default\" ><h1 class=\"sc_item_title sc_title_title sc_align_center sc_item_title_style_default sc_item_title_tag trx_addons_inline_1838672915\"\n\t\t\t><span class=\"sc_item_title_text\">NOTRE ENGAGEMENT ENVERS LA DURABILIT\u00c9<\/span><\/h1><\/div>\t\t\t\t<\/div>\n\t\t\t\t<\/div>\n\t\t\t\t<div class=\"elementor-element elementor-element-534b7df sc_fly_static elementor-widget elementor-widget-spacer\" data-id=\"534b7df\" data-element_type=\"widget\" data-widget_type=\"spacer.default\">\n\t\t\t\t<div class=\"elementor-widget-container\">\n\t\t\t\t\t\t\t<div class=\"elementor-spacer\">\n\t\t\t<div class=\"elementor-spacer-inner\"><\/div>\n\t\t<\/div>\n\t\t\t\t\t\t<\/div>\n\t\t\t\t<\/div>\n\t\t\t\t<div class=\"elementor-element elementor-element-fcb6435 sc_fly_static elementor-widget elementor-widget-trx_sc_icons\" data-id=\"fcb6435\" data-element_type=\"widget\" data-widget_type=\"trx_sc_icons.default\">\n\t\t\t\t<div class=\"elementor-widget-container\">\n\t\t\t\t\t<div \tclass=\"sc_icons color_style_dark sc_icons_figure sc_icons_size_medium sc_align_center\" ><div class=\"sc_icons_columns_wrap sc_item_columns trx_addons_columns_wrap columns_padding_bottom\" ><div class=\"trx_addons_column-1_2 trx_addons_column-1_2-tablet trx_addons_column-1_2-mobile\"><div class=\"sc_icons_item with_more\"><div class=\"sc_icons_icon sc_icon_type_ icon-summer\" ><span class=\"sc_icon_type_ icon-summer\"><\/span><\/div><div class=\"sc_icons_item_details\"><h4 class=\"sc_icons_item_title\"><span>Syst\u00e8mes solaires photovolta\u00efques<\/span><\/h4><div class=\"sc_icons_item_description\"><span>Au sein de nos installations, nous avons mis en \u0153uvre de grands syst\u00e8mes photovolta\u00efques int\u00e9gr\u00e9s, qui nous permettent de produire de l'\u00e9lectricit\u00e9 de mani\u00e8re autosuffisante et de r\u00e9aliser de nouvelles avanc\u00e9es.<\/span><\/div><\/div><\/div><\/div><div class=\"trx_addons_column-1_2 trx_addons_column-1_2-tablet trx_addons_column-1_2-mobile\"><div class=\"sc_icons_item with_more\"><div class=\"sc_icons_icon sc_icon_type_ icon-\u0441\u0433\u0440\u0443\u043f\u043f\u0438\u0440\u043e\u0432\u0430\u0442\u044c-9228\" ><span class=\"sc_icon_type_ icon-\u0441\u0433\u0440\u0443\u043f\u043f\u0438\u0440\u043e\u0432\u0430\u0442\u044c-9228\"><\/span><\/div><div class=\"sc_icons_item_details\"><h4 class=\"sc_icons_item_title\"><span>Chaque proc\u00e9dure est optimis\u00e9e pour maximiser l\u2019efficacit\u00e9.<\/span><\/h4><div class=\"sc_icons_item_description\"><span>Dans le but de minimiser l'utilisation de ressources non renouvelables, nous adoptons des technologies de pointe visant \u00e0 augmenter les taux de recyclage.<\/span><\/div><\/div><\/div><\/div><div class=\"trx_addons_column-1_2 trx_addons_column-1_2-tablet trx_addons_column-1_2-mobile\"><div class=\"sc_icons_item with_more\"><div class=\"sc_icons_icon sc_icon_type_ icon-shopping-bag-style\" ><span class=\"sc_icon_type_ icon-shopping-bag-style\"><\/span><\/div><div class=\"sc_icons_item_details\"><h4 class=\"sc_icons_item_title\"><span>Packaging<\/span><\/h4><div class=\"sc_icons_item_description\"><span>Nous choisissons avec soin des mat\u00e9riaux et des emballages qui minimisent l'impact sur l'environnement, en privil\u00e9giant le verre et en r\u00e9duisant progressivement l'utilisation du plastique.<\/span><\/div><\/div><\/div><\/div><div class=\"trx_addons_column-1_2 trx_addons_column-1_2-tablet trx_addons_column-1_2-mobile\"><div class=\"sc_icons_item with_more\"><div class=\"sc_icons_icon sc_icon_type_ icon-startup-1\" ><span class=\"sc_icon_type_ icon-startup-1\"><\/span><\/div><div class=\"sc_icons_item_details\"><h4 class=\"sc_icons_item_title\"><span>Un syst\u00e8me de transport tr\u00e8s efficace, visant \u00e0 r\u00e9duire les d\u00e9chets.<\/span><\/h4><div class=\"sc_icons_item_description\"><span>Gr\u00e2ce \u00e0 l'adoption de syst\u00e8mes de gestion avanc\u00e9s, nous automatisons l'exp\u00e9dition de nos produits par groupage, rendant l'ensemble du processus de transport plus durable et r\u00e9duisant au minimum la consommation de carburant.<\/span><\/div><\/div><\/div><\/div><\/div><\/div><!-- \/.sc_icons -->\t\t\t\t<\/div>\n\t\t\t\t<\/div>\n\t\t\t\t<div class=\"elementor-element elementor-element-c05ecff sc_fly_static elementor-widget elementor-widget-spacer\" data-id=\"c05ecff\" data-element_type=\"widget\" data-widget_type=\"spacer.default\">\n\t\t\t\t<div class=\"elementor-widget-container\">\n\t\t\t\t\t\t\t<div class=\"elementor-spacer\">\n\t\t\t<div class=\"elementor-spacer-inner\"><\/div>\n\t\t<\/div>\n\t\t\t\t\t\t<\/div>\n\t\t\t\t<\/div>\n\t\t\t\t\t<\/div>\n\t\t<\/div>\n\t\t\t\t\t<\/div>\n\t\t<\/section>\n\t\t<div class=\"e-con-height-full elementor-element elementor-element-15ae81d e-con-full e-flex sc_inner_width_none sc_layouts_column_icons_position_left e-con e-parent\" data-id=\"15ae81d\" data-element_type=\"container\" data-settings=\"{&quot;background_background&quot;:&quot;classic&quot;}\">\n\t\t<div class=\"elementor-element elementor-element-7b89878 e-flex e-con-boxed sc_inner_width_none sc_layouts_column_icons_position_left e-con e-child\" data-id=\"7b89878\" data-element_type=\"container\">\n\t\t\t\t\t<div class=\"e-con-inner\">\n\t\t<div class=\"elementor-element elementor-element-2e3cfb3 e-con-full e-flex sc_inner_width_none sc_layouts_column_icons_position_left e-con e-child\" data-id=\"2e3cfb3\" data-element_type=\"container\">\n\t\t\t\t<div class=\"elementor-element elementor-element-a27ed86 sc_fly_static elementor-widget elementor-widget-trx_sc_title\" data-id=\"a27ed86\" data-element_type=\"widget\" data-widget_type=\"trx_sc_title.default\">\n\t\t\t\t<div class=\"elementor-widget-container\">\n\t\t\t\t\t<div\t\tclass=\"sc_title color_style_link2 sc_title_default\" ><h2 class=\"sc_item_title sc_title_title sc_item_title_style_default sc_item_title_tag trx_addons_inline_1995432934\"\n\t\t\t><span class=\"sc_item_title_text\">Avantages environnementaux<\/span><\/h2><div class=\"sc_item_descr sc_title_descr sc_item_descr_with_custom_color trx_addons_inline_1126417127\"><p>Notre usine s'\u00e9tend sur 2 500 m2, avec une capacit\u00e9 de stockage de plus de 11 000 f\u00fbts de 140 kg, dont 4 000 \u00e0 temp\u00e9rature contr\u00f4l\u00e9e. Gr\u00e2ce \u00e0 cette taille et \u00e0 l'adoption de technologies innovantes, nous produisons chaque jour plus de 18 000 kg d'excellence.<\/p>\n<\/div><\/div>\t\t\t\t<\/div>\n\t\t\t\t<\/div>\n\t\t\t\t<\/div>\n\t\t<div class=\"elementor-element elementor-element-3aa40ff e-con-full e-flex sc_inner_width_none sc_layouts_column_icons_position_left e-con e-child\" data-id=\"3aa40ff\" data-element_type=\"container\" data-settings=\"{&quot;background_background&quot;:&quot;classic&quot;,&quot;motion_fx_motion_fx_scrolling&quot;:&quot;yes&quot;,&quot;motion_fx_blur_effect&quot;:&quot;yes&quot;,&quot;motion_fx_blur_range&quot;:{&quot;unit&quot;:&quot;%&quot;,&quot;size&quot;:&quot;&quot;,&quot;sizes&quot;:{&quot;start&quot;:2,&quot;end&quot;:47}},&quot;motion_fx_blur_direction&quot;:&quot;out-in&quot;,&quot;motion_fx_blur_level&quot;:{&quot;unit&quot;:&quot;px&quot;,&quot;size&quot;:7,&quot;sizes&quot;:[]},&quot;motion_fx_devices&quot;:[&quot;widescreen&quot;,&quot;desktop&quot;,&quot;laptop&quot;,&quot;tablet_extra&quot;,&quot;tablet&quot;,&quot;mobile_extra&quot;,&quot;mobile&quot;]}\">\n\t\t<div class=\"elementor-element elementor-element-1ea23cb e-con-full e-flex sc_inner_width_none sc_layouts_column_icons_position_left e-con e-child\" data-id=\"1ea23cb\" data-element_type=\"container\">\n\t\t\t\t<div class=\"elementor-element elementor-element-3e873e1 elementor-grid-3 elementor-grid-tablet-2 elementor-grid-mobile-1 sc_fly_static elementor-widget elementor-widget-loop-grid\" data-id=\"3e873e1\" data-element_type=\"widget\" data-settings=\"{&quot;template_id&quot;:4175,&quot;_skin&quot;:&quot;post&quot;,&quot;columns&quot;:&quot;3&quot;,&quot;columns_tablet&quot;:&quot;2&quot;,&quot;columns_mobile&quot;:&quot;1&quot;,&quot;edit_handle_selector&quot;:&quot;[data-elementor-type=\\&quot;loop-item\\&quot;]&quot;,&quot;row_gap&quot;:{&quot;unit&quot;:&quot;px&quot;,&quot;size&quot;:&quot;&quot;,&quot;sizes&quot;:[]},&quot;row_gap_widescreen&quot;:{&quot;unit&quot;:&quot;px&quot;,&quot;size&quot;:&quot;&quot;,&quot;sizes&quot;:[]},&quot;row_gap_laptop&quot;:{&quot;unit&quot;:&quot;px&quot;,&quot;size&quot;:&quot;&quot;,&quot;sizes&quot;:[]},&quot;row_gap_tablet_extra&quot;:{&quot;unit&quot;:&quot;px&quot;,&quot;size&quot;:&quot;&quot;,&quot;sizes&quot;:[]},&quot;row_gap_tablet&quot;:{&quot;unit&quot;:&quot;px&quot;,&quot;size&quot;:&quot;&quot;,&quot;sizes&quot;:[]},&quot;row_gap_mobile_extra&quot;:{&quot;unit&quot;:&quot;px&quot;,&quot;size&quot;:&quot;&quot;,&quot;sizes&quot;:[]},&quot;row_gap_mobile&quot;:{&quot;unit&quot;:&quot;px&quot;,&quot;size&quot;:&quot;&quot;,&quot;sizes&quot;:[]}}\" data-widget_type=\"loop-grid.post\">\n\t\t\t\t<div class=\"elementor-widget-container\">\n\t\t\t\t\t\t\t<div class=\"elementor-loop-container elementor-grid\" role=\"list\">\n\t\t<style id=\"loop-4175\">.elementor-4175 .elementor-element.elementor-element-c03677e{--display:flex;--flex-direction:column;--container-widget-width:100%;--container-widget-height:initial;--container-widget-flex-grow:0;--container-widget-align-self:initial;--flex-wrap-mobile:wrap;}.elementor-4175 .elementor-element.elementor-element-c03677e .trx_addons_bg_text{z-index:0;}.elementor-4175 .elementor-element.elementor-element-c03677e .trx_addons_bg_text.trx_addons_marquee_wrap:not(.trx_addons_marquee_reverse) .trx_addons_marquee_element{padding-right:50px;}.elementor-4175 .elementor-element.elementor-element-c03677e .trx_addons_bg_text.trx_addons_marquee_wrap.trx_addons_marquee_reverse .trx_addons_marquee_element{padding-left:50px;}.elementor-4175 .elementor-element.elementor-element-f188b67 .elementor-counter-number-wrapper{color:var( --e-global-color-510dc60 );font-weight:800;}.elementor-4175 .elementor-element.elementor-element-f188b67 .elementor-counter-title{color:#000000;}<\/style>\t\t<div data-elementor-type=\"loop-item\" data-elementor-id=\"4175\" class=\"elementor elementor-4175 elementor-2852 e-loop-item e-loop-item-4042 post-4042 valore-energetico type-valore-energetico status-publish hentry\" data-elementor-post-type=\"elementor_library\" data-custom-edit-handle=\"1\">\n\t\t\t<div class=\"elementor-element elementor-element-c03677e e-flex e-con-boxed sc_inner_width_none sc_layouts_column_icons_position_left e-con e-parent\" data-id=\"c03677e\" data-element_type=\"container\">\n\t\t\t\t\t<div class=\"e-con-inner\">\n\t\t\t\t<div class=\"elementor-element elementor-element-4ce885b sc_fly_static elementor-widget elementor-widget-image\" data-id=\"4ce885b\" data-element_type=\"widget\" data-widget_type=\"image.default\">\n\t\t\t\t<div class=\"elementor-widget-container\">\n\t\t\t\t\t\t\t\t\t\t\t\t\t\t\t<img fetchpriority=\"high\" decoding=\"async\" width=\"512\" height=\"512\" src=\"https:\/\/miragliaolive.com\/wp-content\/uploads\/2024\/05\/ecology-1.svg\" class=\"attachment-full size-full wp-image-3945\" alt=\"\" \/>\t\t\t\t\t\t\t\t\t\t\t\t\t\t\t<\/div>\n\t\t\t\t<\/div>\n\t\t\t\t<div class=\"elementor-element elementor-element-f188b67 sc_fly_static elementor-widget elementor-widget-counter\" data-id=\"f188b67\" data-element_type=\"widget\" data-widget_type=\"counter.default\">\n\t\t\t\t<div class=\"elementor-widget-container\">\n\t\t\t\t\t\t\t<div class=\"elementor-counter\">\n\t\t\t<span class=\"elementor-counter-title\">Arbres plant\u00e9s<\/span>\t\t\t<div class=\"elementor-counter-number-wrapper\">\n\t\t\t\t<span class=\"elementor-counter-number-prefix\"><\/span>\n\t\t\t\t<span class=\"elementor-counter-number\" data-duration=\"2000\" data-to-value=\"22\" data-from-value=\"0\" data-delimiter=\",\">0<\/span>\n\t\t\t\t<span class=\"elementor-counter-number-suffix\">t<\/span>\n\t\t\t<\/div>\n\t\t<\/div>\n\t\t\t\t\t\t<\/div>\n\t\t\t\t<\/div>\n\t\t\t\t\t<\/div>\n\t\t\t\t<\/div>\n\t\t\t\t<\/div>\n\t\t\t\t<div data-elementor-type=\"loop-item\" data-elementor-id=\"4175\" class=\"elementor elementor-4175 elementor-2852 e-loop-item e-loop-item-4043 post-4043 valore-energetico type-valore-energetico status-publish hentry\" data-elementor-post-type=\"elementor_library\" data-custom-edit-handle=\"1\">\n\t\t\t<div class=\"elementor-element elementor-element-c03677e e-flex e-con-boxed sc_inner_width_none sc_layouts_column_icons_position_left e-con e-parent\" data-id=\"c03677e\" data-element_type=\"container\">\n\t\t\t\t\t<div class=\"e-con-inner\">\n\t\t\t\t<div class=\"elementor-element elementor-element-4ce885b sc_fly_static elementor-widget elementor-widget-image\" data-id=\"4ce885b\" data-element_type=\"widget\" data-widget_type=\"image.default\">\n\t\t\t\t<div class=\"elementor-widget-container\">\n\t\t\t\t\t\t\t\t\t\t\t\t\t\t\t<img decoding=\"async\" width=\"512\" height=\"512\" src=\"https:\/\/miragliaolive.com\/wp-content\/uploads\/2024\/05\/ecology.svg\" class=\"attachment-full size-full wp-image-3947\" alt=\"\" \/>\t\t\t\t\t\t\t\t\t\t\t\t\t\t\t<\/div>\n\t\t\t\t<\/div>\n\t\t\t\t<div class=\"elementor-element elementor-element-f188b67 sc_fly_static elementor-widget elementor-widget-counter\" data-id=\"f188b67\" data-element_type=\"widget\" data-widget_type=\"counter.default\">\n\t\t\t\t<div class=\"elementor-widget-container\">\n\t\t\t\t\t\t\t<div class=\"elementor-counter\">\n\t\t\t<span class=\"elementor-counter-title\">CO2 non produit<\/span>\t\t\t<div class=\"elementor-counter-number-wrapper\">\n\t\t\t\t<span class=\"elementor-counter-number-prefix\"><\/span>\n\t\t\t\t<span class=\"elementor-counter-number\" data-duration=\"2000\" data-to-value=\"15.73\" data-from-value=\"0\" data-delimiter=\",\">0<\/span>\n\t\t\t\t<span class=\"elementor-counter-number-suffix\">t<\/span>\n\t\t\t<\/div>\n\t\t<\/div>\n\t\t\t\t\t\t<\/div>\n\t\t\t\t<\/div>\n\t\t\t\t\t<\/div>\n\t\t\t\t<\/div>\n\t\t\t\t<\/div>\n\t\t\t\t<div data-elementor-type=\"loop-item\" data-elementor-id=\"4175\" class=\"elementor elementor-4175 elementor-2852 e-loop-item e-loop-item-4047 post-4047 valore-energetico type-valore-energetico status-publish hentry\" data-elementor-post-type=\"elementor_library\" data-custom-edit-handle=\"1\">\n\t\t\t<div class=\"elementor-element elementor-element-c03677e e-flex e-con-boxed sc_inner_width_none sc_layouts_column_icons_position_left e-con e-parent\" data-id=\"c03677e\" data-element_type=\"container\">\n\t\t\t\t\t<div class=\"e-con-inner\">\n\t\t\t\t<div class=\"elementor-element elementor-element-4ce885b sc_fly_static elementor-widget elementor-widget-image\" data-id=\"4ce885b\" data-element_type=\"widget\" data-widget_type=\"image.default\">\n\t\t\t\t<div class=\"elementor-widget-container\">\n\t\t\t\t\t\t\t\t\t\t\t\t\t\t\t<img decoding=\"async\" width=\"512\" height=\"512\" src=\"https:\/\/miragliaolive.com\/wp-content\/uploads\/2024\/05\/save-the-planet.svg\" class=\"attachment-full size-full wp-image-3949\" alt=\"\" \/>\t\t\t\t\t\t\t\t\t\t\t\t\t\t\t<\/div>\n\t\t\t\t<\/div>\n\t\t\t\t<div class=\"elementor-element elementor-element-f188b67 sc_fly_static elementor-widget elementor-widget-counter\" data-id=\"f188b67\" data-element_type=\"widget\" data-widget_type=\"counter.default\">\n\t\t\t\t<div class=\"elementor-widget-container\">\n\t\t\t\t\t\t\t<div class=\"elementor-counter\">\n\t\t\t<span class=\"elementor-counter-title\">\u00c9conomie de carbone standard<\/span>\t\t\t<div class=\"elementor-counter-number-wrapper\">\n\t\t\t\t<span class=\"elementor-counter-number-prefix\"><\/span>\n\t\t\t\t<span class=\"elementor-counter-number\" data-duration=\"2000\" data-to-value=\"13.25\" data-from-value=\"0\" data-delimiter=\",\">0<\/span>\n\t\t\t\t<span class=\"elementor-counter-number-suffix\">t<\/span>\n\t\t\t<\/div>\n\t\t<\/div>\n\t\t\t\t\t\t<\/div>\n\t\t\t\t<\/div>\n\t\t\t\t\t<\/div>\n\t\t\t\t<\/div>\n\t\t\t\t<\/div>\n\t\t\t\t<\/div>\n\t\t\n\t\t\t\t\t\t<\/div>\n\t\t\t\t<\/div>\n\t\t\t\t<\/div>\n\t\t\t\t<\/div>\n\t\t\t\t\t<\/div>\n\t\t\t\t<\/div>\n\t\t\t\t<\/div>\n\t\t\t\t<\/div>\n\t\t","protected":false},"excerpt":{"rendered":"<p>NOTRE ENGAGEMENT ENVERS LA DURABILIT\u00c9 Syst\u00e8mes solaires photovolta\u00efques Au sein de nos installations, nous avons&hellip;<\/p>\n","protected":false},"author":2,"featured_media":0,"parent":0,"menu_order":0,"comment_status":"closed","ping_status":"closed","template":"","meta":{"_acf_changed":false,"_monsterinsights_skip_tracking":false,"_monsterinsights_sitenote_active":false,"_monsterinsights_sitenote_note":"","_monsterinsights_sitenote_category":0,"_joinchat":[],"footnotes":""},"class_list":["post-3982","page","type-page","status-publish","hentry"],"acf":[],"yoast_head":"<!-- This site is optimized with the Yoast SEO plugin v26.0 - https:\/\/yoast.com\/wordpress\/plugins\/seo\/ -->\n<title>Durabilit\u00e9 - Miraglia Olive<\/title>\n<meta name=\"robots\" content=\"index, follow, max-snippet:-1, max-image-preview:large, max-video-preview:-1\" \/>\n<link rel=\"canonical\" href=\"https:\/\/miragliaolive.com\/fr\/durabilite\/\" \/>\n<meta property=\"og:locale\" content=\"fr_FR\" \/>\n<meta property=\"og:type\" content=\"article\" \/>\n<meta property=\"og:title\" content=\"Durabilit\u00e9 - Miraglia Olive\" \/>\n<meta property=\"og:description\" content=\"NOTRE ENGAGEMENT ENVERS LA DURABILIT\u00c9 Syst\u00e8mes solaires photovolta\u00efques Au sein de nos installations, nous avons&hellip;\" \/>\n<meta property=\"og:url\" content=\"https:\/\/miragliaolive.com\/fr\/durabilite\/\" \/>\n<meta property=\"og:site_name\" content=\"Miraglia Olive\" \/>\n<meta property=\"article:modified_time\" content=\"2024-07-29T19:44:30+00:00\" \/>\n<meta name=\"twitter:card\" content=\"summary_large_image\" \/>\n<meta name=\"twitter:label1\" content=\"Dur\u00e9e de lecture estim\u00e9e\" \/>\n\t<meta name=\"twitter:data1\" content=\"3 minutes\" \/>\n<script type=\"application\/ld+json\" class=\"yoast-schema-graph\">{\"@context\":\"https:\/\/schema.org\",\"@graph\":[{\"@type\":\"WebPage\",\"@id\":\"https:\/\/miragliaolive.com\/fr\/durabilite\/\",\"url\":\"https:\/\/miragliaolive.com\/fr\/durabilite\/\",\"name\":\"Durabilit\u00e9 - Miraglia Olive\",\"isPartOf\":{\"@id\":\"https:\/\/miragliaolive.com\/fr\/#website\"},\"datePublished\":\"2023-10-02T08:53:27+00:00\",\"dateModified\":\"2024-07-29T19:44:30+00:00\",\"breadcrumb\":{\"@id\":\"https:\/\/miragliaolive.com\/fr\/durabilite\/#breadcrumb\"},\"inLanguage\":\"fr-FR\",\"potentialAction\":[{\"@type\":\"ReadAction\",\"target\":[\"https:\/\/miragliaolive.com\/fr\/durabilite\/\"]}]},{\"@type\":\"BreadcrumbList\",\"@id\":\"https:\/\/miragliaolive.com\/fr\/durabilite\/#breadcrumb\",\"itemListElement\":[{\"@type\":\"ListItem\",\"position\":1,\"name\":\"Home\",\"item\":\"https:\/\/miragliaolive.com\/fr\/\"},{\"@type\":\"ListItem\",\"position\":2,\"name\":\"Durabilit\u00e9\"}]},{\"@type\":\"WebSite\",\"@id\":\"https:\/\/miragliaolive.com\/fr\/#website\",\"url\":\"https:\/\/miragliaolive.com\/fr\/\",\"name\":\"Miragliaolive\",\"description\":\"Le Pi\u00f9 Belle Olive da Tavola\",\"publisher\":{\"@id\":\"https:\/\/miragliaolive.com\/fr\/#organization\"},\"potentialAction\":[{\"@type\":\"SearchAction\",\"target\":{\"@type\":\"EntryPoint\",\"urlTemplate\":\"https:\/\/miragliaolive.com\/fr\/?s={search_term_string}\"},\"query-input\":{\"@type\":\"PropertyValueSpecification\",\"valueRequired\":true,\"valueName\":\"search_term_string\"}}],\"inLanguage\":\"fr-FR\"},{\"@type\":\"Organization\",\"@id\":\"https:\/\/miragliaolive.com\/fr\/#organization\",\"name\":\"Miragliaolive\",\"url\":\"https:\/\/miragliaolive.com\/fr\/\",\"logo\":{\"@type\":\"ImageObject\",\"inLanguage\":\"fr-FR\",\"@id\":\"https:\/\/miragliaolive.com\/fr\/#\/schema\/logo\/image\/\",\"url\":\"https:\/\/miragliaolive.com\/wp-content\/uploads\/2023\/09\/logo-desk.png\",\"contentUrl\":\"https:\/\/miragliaolive.com\/wp-content\/uploads\/2023\/09\/logo-desk.png\",\"width\":364,\"height\":149,\"caption\":\"Miragliaolive\"},\"image\":{\"@id\":\"https:\/\/miragliaolive.com\/fr\/#\/schema\/logo\/image\/\"}}]}<\/script>\n<!-- \/ Yoast SEO plugin. -->","yoast_head_json":{"title":"Durabilit\u00e9 - Miraglia Olive","robots":{"index":"index","follow":"follow","max-snippet":"max-snippet:-1","max-image-preview":"max-image-preview:large","max-video-preview":"max-video-preview:-1"},"canonical":"https:\/\/miragliaolive.com\/fr\/durabilite\/","og_locale":"fr_FR","og_type":"article","og_title":"Durabilit\u00e9 - Miraglia Olive","og_description":"NOTRE ENGAGEMENT ENVERS LA DURABILIT\u00c9 Syst\u00e8mes solaires photovolta\u00efques Au sein de nos installations, nous avons&hellip;","og_url":"https:\/\/miragliaolive.com\/fr\/durabilite\/","og_site_name":"Miraglia Olive","article_modified_time":"2024-07-29T19:44:30+00:00","twitter_card":"summary_large_image","twitter_misc":{"Dur\u00e9e de lecture estim\u00e9e":"3 minutes"},"schema":{"@context":"https:\/\/schema.org","@graph":[{"@type":"WebPage","@id":"https:\/\/miragliaolive.com\/fr\/durabilite\/","url":"https:\/\/miragliaolive.com\/fr\/durabilite\/","name":"Durabilit\u00e9 - Miraglia Olive","isPartOf":{"@id":"https:\/\/miragliaolive.com\/fr\/#website"},"datePublished":"2023-10-02T08:53:27+00:00","dateModified":"2024-07-29T19:44:30+00:00","breadcrumb":{"@id":"https:\/\/miragliaolive.com\/fr\/durabilite\/#breadcrumb"},"inLanguage":"fr-FR","potentialAction":[{"@type":"ReadAction","target":["https:\/\/miragliaolive.com\/fr\/durabilite\/"]}]},{"@type":"BreadcrumbList","@id":"https:\/\/miragliaolive.com\/fr\/durabilite\/#breadcrumb","itemListElement":[{"@type":"ListItem","position":1,"name":"Home","item":"https:\/\/miragliaolive.com\/fr\/"},{"@type":"ListItem","position":2,"name":"Durabilit\u00e9"}]},{"@type":"WebSite","@id":"https:\/\/miragliaolive.com\/fr\/#website","url":"https:\/\/miragliaolive.com\/fr\/","name":"Miragliaolive","description":"Le Pi\u00f9 Belle Olive da Tavola","publisher":{"@id":"https:\/\/miragliaolive.com\/fr\/#organization"},"potentialAction":[{"@type":"SearchAction","target":{"@type":"EntryPoint","urlTemplate":"https:\/\/miragliaolive.com\/fr\/?s={search_term_string}"},"query-input":{"@type":"PropertyValueSpecification","valueRequired":true,"valueName":"search_term_string"}}],"inLanguage":"fr-FR"},{"@type":"Organization","@id":"https:\/\/miragliaolive.com\/fr\/#organization","name":"Miragliaolive","url":"https:\/\/miragliaolive.com\/fr\/","logo":{"@type":"ImageObject","inLanguage":"fr-FR","@id":"https:\/\/miragliaolive.com\/fr\/#\/schema\/logo\/image\/","url":"https:\/\/miragliaolive.com\/wp-content\/uploads\/2023\/09\/logo-desk.png","contentUrl":"https:\/\/miragliaolive.com\/wp-content\/uploads\/2023\/09\/logo-desk.png","width":364,"height":149,"caption":"Miragliaolive"},"image":{"@id":"https:\/\/miragliaolive.com\/fr\/#\/schema\/logo\/image\/"}}]}},"_links":{"self":[{"href":"https:\/\/miragliaolive.com\/fr\/wp-json\/wp\/v2\/pages\/3982","targetHints":{"allow":["GET"]}}],"collection":[{"href":"https:\/\/miragliaolive.com\/fr\/wp-json\/wp\/v2\/pages"}],"about":[{"href":"https:\/\/miragliaolive.com\/fr\/wp-json\/wp\/v2\/types\/page"}],"author":[{"embeddable":true,"href":"https:\/\/miragliaolive.com\/fr\/wp-json\/wp\/v2\/users\/2"}],"replies":[{"embeddable":true,"href":"https:\/\/miragliaolive.com\/fr\/wp-json\/wp\/v2\/comments?post=3982"}],"version-history":[{"count":0,"href":"https:\/\/miragliaolive.com\/fr\/wp-json\/wp\/v2\/pages\/3982\/revisions"}],"wp:attachment":[{"href":"https:\/\/miragliaolive.com\/fr\/wp-json\/wp\/v2\/media?parent=3982"}],"curies":[{"name":"wp","href":"https:\/\/api.w.org\/{rel}","templated":true}]}}