{"id":4126,"date":"2023-10-11T10:16:04","date_gmt":"2023-10-11T10:16:04","guid":{"rendered":"https:\/\/miragliaolive.com\/?page_id=4126"},"modified":"2024-07-30T09:12:51","modified_gmt":"2024-07-30T09:12:51","slug":"espace-reserve","status":"publish","type":"page","link":"https:\/\/miragliaolive.com\/fr\/espace-reserve\/","title":{"rendered":"Espace R\u00e9serv\u00e9"},"content":{"rendered":"\t\t<div data-elementor-type=\"wp-page\" data-elementor-id=\"4126\" class=\"elementor elementor-4126\" data-elementor-post-type=\"page\">\n\t\t\t\t\t\t<section class=\"elementor-section elementor-top-section elementor-element elementor-element-d78e7da elementor-section-full_width elementor-section-height-min-height elementor-section-height-default elementor-section-items-middle sc_fly_static\" data-id=\"d78e7da\" data-element_type=\"section\" data-settings=\"{&quot;background_background&quot;:&quot;classic&quot;}\">\n\t\t\t\t\t\t\t<div class=\"elementor-background-overlay\"><\/div>\n\t\t\t\t\t\t\t<div class=\"elementor-container elementor-column-gap-extended\">\n\t\t\t\t\t<div class=\"elementor-column elementor-col-100 elementor-top-column elementor-element elementor-element-28ffba4 sc_inner_width_none sc_content_align_inherit sc_layouts_column_icons_position_left sc_fly_static\" data-id=\"28ffba4\" data-element_type=\"column\">\n\t\t\t<div class=\"elementor-widget-wrap elementor-element-populated\">\n\t\t\t\t\t\t<div class=\"elementor-element elementor-element-d43f020 sc_fly_static elementor-widget elementor-widget-heading\" data-id=\"d43f020\" data-element_type=\"widget\" data-widget_type=\"heading.default\">\n\t\t\t\t<div class=\"elementor-widget-container\">\n\t\t\t\t\t<h1 class=\"elementor-heading-title elementor-size-default\">Espace R\u00e9serv\u00e9<\/h1>\t\t\t\t<\/div>\n\t\t\t\t<\/div>\n\t\t\t\t<div class=\"elementor-element elementor-element-d8d0d11 elementor-align-center sc_fly_static elementor-widget elementor-widget-lottie\" data-id=\"d8d0d11\" data-element_type=\"widget\" data-settings=\"{&quot;source_json&quot;:{&quot;url&quot;:&quot;https:\\\/\\\/miragliaolive.com\\\/wp-content\\\/uploads\\\/2023\\\/09\\\/animation_ln1iku7m.json&quot;,&quot;id&quot;:502,&quot;size&quot;:&quot;&quot;,&quot;alt&quot;:&quot;&quot;,&quot;source&quot;:&quot;library&quot;},&quot;link_to&quot;:&quot;custom&quot;,&quot;loop&quot;:&quot;yes&quot;,&quot;source&quot;:&quot;media_file&quot;,&quot;caption_source&quot;:&quot;none&quot;,&quot;custom_link&quot;:{&quot;url&quot;:&quot;&quot;,&quot;is_external&quot;:&quot;&quot;,&quot;nofollow&quot;:&quot;&quot;,&quot;custom_attributes&quot;:&quot;&quot;},&quot;trigger&quot;:&quot;arriving_to_viewport&quot;,&quot;viewport&quot;:{&quot;unit&quot;:&quot;%&quot;,&quot;size&quot;:&quot;&quot;,&quot;sizes&quot;:{&quot;start&quot;:0,&quot;end&quot;:100}},&quot;play_speed&quot;:{&quot;unit&quot;:&quot;px&quot;,&quot;size&quot;:1,&quot;sizes&quot;:[]},&quot;start_point&quot;:{&quot;unit&quot;:&quot;%&quot;,&quot;size&quot;:0,&quot;sizes&quot;:[]},&quot;end_point&quot;:{&quot;unit&quot;:&quot;%&quot;,&quot;size&quot;:100,&quot;sizes&quot;:[]},&quot;renderer&quot;:&quot;svg&quot;}\" data-widget_type=\"lottie.default\">\n\t\t\t\t<div class=\"elementor-widget-container\">\n\t\t\t\t\t<div class=\"e-lottie__container\"><div class=\"e-lottie__animation\"><\/div><\/div>\t\t\t\t<\/div>\n\t\t\t\t<\/div>\n\t\t\t\t\t<\/div>\n\t\t<\/div>\n\t\t\t\t\t<\/div>\n\t\t<\/section>\n\t\t\t\t<section class=\"elementor-section elementor-top-section elementor-element elementor-element-00a2060 elementor-section-boxed elementor-section-height-default elementor-section-height-default sc_fly_static\" data-id=\"00a2060\" data-element_type=\"section\">\n\t\t\t\t\t\t<div class=\"elementor-container elementor-column-gap-extended\">\n\t\t\t\t\t<div class=\"elementor-column elementor-col-100 elementor-top-column elementor-element elementor-element-5eb5aa5 sc_inner_width_none sc_content_align_inherit sc_layouts_column_icons_position_left sc_fly_static\" data-id=\"5eb5aa5\" data-element_type=\"column\">\n\t\t\t<div class=\"elementor-widget-wrap elementor-element-populated\">\n\t\t\t\t\t\t<div class=\"elementor-element elementor-element-62b388c sc_height_huge sc_fly_static elementor-widget elementor-widget-spacer\" data-id=\"62b388c\" data-element_type=\"widget\" data-widget_type=\"spacer.default\">\n\t\t\t\t<div class=\"elementor-widget-container\">\n\t\t\t\t\t\t\t<div class=\"elementor-spacer\">\n\t\t\t<div class=\"elementor-spacer-inner\"><\/div>\n\t\t<\/div>\n\t\t\t\t\t\t<\/div>\n\t\t\t\t<\/div>\n\t\t\t\t\t<\/div>\n\t\t<\/div>\n\t\t\t\t\t<\/div>\n\t\t<\/section>\n\t\t\t\t<section class=\"elementor-section elementor-top-section elementor-element elementor-element-396867e scheme_default elementor-section-content-middle stax-condition-yes stax-user_role_enabled-yes elementor-section-boxed elementor-section-height-default elementor-section-height-default stax-geo_location_enabled-error stax-edd_users_enabled-error sc_fly_static\" data-id=\"396867e\" data-element_type=\"section\" data-settings=\"{&quot;background_background&quot;:&quot;classic&quot;}\">\n\t\t\t\t\t\t<div class=\"elementor-container elementor-column-gap-extended\">\n\t\t\t\t\t<div class=\"elementor-column elementor-col-50 elementor-top-column elementor-element elementor-element-83b5541 sc_inner_width_none sc_content_align_inherit sc_layouts_column_icons_position_left sc_fly_static\" data-id=\"83b5541\" data-element_type=\"column\">\n\t\t\t<div class=\"elementor-widget-wrap elementor-element-populated\">\n\t\t\t\t\t\t<div class=\"elementor-element elementor-element-5d8831c sc_fly_static elementor-widget elementor-widget-heading\" data-id=\"5d8831c\" data-element_type=\"widget\" data-widget_type=\"heading.default\">\n\t\t\t\t<div class=\"elementor-widget-container\">\n\t\t\t\t\t<h2 class=\"elementor-heading-title elementor-size-default\">C'est un espace r\u00e9serv\u00e9 !<\/h2>\t\t\t\t<\/div>\n\t\t\t\t<\/div>\n\t\t\t\t<div class=\"elementor-element elementor-element-9894ba8 sc_height_small sc_fly_static elementor-widget elementor-widget-spacer\" data-id=\"9894ba8\" data-element_type=\"widget\" data-widget_type=\"spacer.default\">\n\t\t\t\t<div class=\"elementor-widget-container\">\n\t\t\t\t\t\t\t<div class=\"elementor-spacer\">\n\t\t\t<div class=\"elementor-spacer-inner\"><\/div>\n\t\t<\/div>\n\t\t\t\t\t\t<\/div>\n\t\t\t\t<\/div>\n\t\t\t\t<div class=\"elementor-element elementor-element-7fbb2b7 sc_fly_static elementor-widget elementor-widget-text-editor\" data-id=\"7fbb2b7\" data-element_type=\"widget\" data-widget_type=\"text-editor.default\">\n\t\t\t\t<div class=\"elementor-widget-container\">\n\t\t\t\t\t\t\t\t\tPour voir le contenu, connectez-vous ou <a href=\"\/request-registration\">inscrivez-vous<\/a>\t\t\t\t\t\t\t\t<\/div>\n\t\t\t\t<\/div>\n\t\t\t\t<div class=\"elementor-element elementor-element-0fe0a9d sc_height_small sc_fly_static elementor-widget elementor-widget-spacer\" data-id=\"0fe0a9d\" data-element_type=\"widget\" data-widget_type=\"spacer.default\">\n\t\t\t\t<div class=\"elementor-widget-container\">\n\t\t\t\t\t\t\t<div class=\"elementor-spacer\">\n\t\t\t<div class=\"elementor-spacer-inner\"><\/div>\n\t\t<\/div>\n\t\t\t\t\t\t<\/div>\n\t\t\t\t<\/div>\n\t\t\t\t\t<\/div>\n\t\t<\/div>\n\t\t\t\t<div class=\"elementor-column elementor-col-50 elementor-top-column elementor-element elementor-element-690ac43 sc_inner_width_none sc_content_align_inherit sc_layouts_column_icons_position_left sc_fly_static\" data-id=\"690ac43\" data-element_type=\"column\">\n\t\t\t<div class=\"elementor-widget-wrap elementor-element-populated\">\n\t\t\t\t\t\t<div class=\"elementor-element elementor-element-6d802b0 elementor-button-align-end sc_fly_static elementor-widget elementor-widget-login\" data-id=\"6d802b0\" data-element_type=\"widget\" data-widget_type=\"login.default\">\n\t\t\t\t<div class=\"elementor-widget-container\">\n\t\t\t\t\t\t\t<form class=\"elementor-login elementor-form\" method=\"post\" action=\"https:\/\/miragliaolive.com\/fr\/wp-login.php\" aria-label=\"Login form\">\n\t\t\t<input type=\"hidden\" name=\"redirect_to\" value=\"\/fr\/wp-json\/wp\/v2\/pages\/4126\">\n\t\t\t<div class=\"elementor-form-fields-wrapper\">\n\t\t\t\t<div class=\"elementor-field-type-text elementor-field-group elementor-column elementor-col-100 elementor-field-required\">\n\t\t\t\t\t<label for=\"user-6d802b0\" class=\"elementor-field-label\">User or Email<\/label>\n\t\t\t\t\t<input size=\"1\" type=\"text\" name=\"log\" id=\"user-6d802b0\" placeholder=\"\" class=\"elementor-field elementor-field-textual elementor-size-lg\">\n\t\t\t\t<\/div>\n\t\t\t\t<div class=\"elementor-field-type-text elementor-field-group elementor-column elementor-col-100 elementor-field-required\">\n\t\t\t\t\t<label for=\"password-6d802b0\" class=\"elementor-field-label\">Password<\/label>\n\t\t\t\t\t<input size=\"1\" type=\"password\" name=\"pwd\" id=\"password-6d802b0\" placeholder=\"\" class=\"elementor-field elementor-field-textual elementor-size-lg\">\n\t\t\t\t<\/div>\n\n\t\t\t\t\t\t\t\t\t<div class=\"elementor-field-type-checkbox elementor-field-group elementor-column elementor-col-100 elementor-remember-me\">\n\t\t\t\t\t\t<label for=\"elementor-login-remember-me\">\n\t\t\t\t\t\t\t<input type=\"checkbox\" id=\"elementor-login-remember-me\" name=\"rememberme\" value=\"forever\">\n\t\t\t\t\t\t\tSe souvenir de moi\t\t\t\t\t\t<\/label>\n\t\t\t\t\t<\/div>\n\t\t\t\t\n\t\t\t\t<div class=\"elementor-field-group elementor-column elementor-field-type-submit elementor-col-100\">\n\t\t\t\t\t<button type=\"submit\" class=\"elementor-size-lg elementor-button\" name=\"wp-submit\">\n\t\t\t\t\t\t\t\t\t\t\t\t\t\t\t<span class=\"elementor-button-text\">Se connecter<\/span>\n\t\t\t\t\t\t\t\t\t\t\t\t<\/button>\n\t\t\t\t<\/div>\n\n\t\t\t\t\t\t\t\t\t<div class=\"elementor-field-group elementor-column elementor-col-100\">\n\t\t\t\t\t\t\t\t\t\t\t\t\t\t\t\t\t\t\t\t<a class=\"elementor-lost-password\" href=\"https:\/\/miragliaolive.com\/fr\/lost-password\/\">\n\t\t\t\t\t\t\t\tMot de passe perdu\u00a0?\t\t\t\t\t\t\t<\/a>\n\t\t\t\t\t\t\n\t\t\t\t\t\t\t\t\t\t\t<\/div>\n\t\t\t\t\t\t\t<\/div>\n\t\t<\/form>\n\t\t\t\t\t\t<\/div>\n\t\t\t\t<\/div>\n\t\t\t\t\t<\/div>\n\t\t<\/div>\n\t\t\t\t\t<\/div>\n\t\t<\/section>\n\t\t\t\t<section class=\"elementor-section elementor-top-section elementor-element elementor-element-f02eb12 elementor-section-boxed elementor-section-height-default elementor-section-height-default sc_fly_static\" data-id=\"f02eb12\" data-element_type=\"section\">\n\t\t\t\t\t\t<div class=\"elementor-container elementor-column-gap-extended\">\n\t\t\t\t\t<div class=\"elementor-column elementor-col-100 elementor-top-column elementor-element elementor-element-914836d sc_inner_width_none sc_content_align_inherit sc_layouts_column_icons_position_left sc_fly_static\" data-id=\"914836d\" data-element_type=\"column\">\n\t\t\t<div class=\"elementor-widget-wrap elementor-element-populated\">\n\t\t\t\t\t\t<div class=\"elementor-element elementor-element-6e8a295 sc_fly_static elementor-widget elementor-widget-spacer\" data-id=\"6e8a295\" data-element_type=\"widget\" data-widget_type=\"spacer.default\">\n\t\t\t\t<div class=\"elementor-widget-container\">\n\t\t\t\t\t\t\t<div class=\"elementor-spacer\">\n\t\t\t<div class=\"elementor-spacer-inner\"><\/div>\n\t\t<\/div>\n\t\t\t\t\t\t<\/div>\n\t\t\t\t<\/div>\n\t\t\t\t\t<\/div>\n\t\t<\/div>\n\t\t\t\t\t<\/div>\n\t\t<\/section>\n\t\t\t\t<\/div>\n\t\t","protected":false},"excerpt":{"rendered":"<p>Listes de prix T\u00e9l\u00e9chargez nos tarifs r\u00e9serv\u00e9s C&rsquo;est un espace r\u00e9serv\u00e9 ! Pour voir le&hellip;<\/p>\n","protected":false},"author":2,"featured_media":0,"parent":0,"menu_order":0,"comment_status":"closed","ping_status":"closed","template":"","meta":{"_acf_changed":false,"_monsterinsights_skip_tracking":false,"_monsterinsights_sitenote_active":false,"_monsterinsights_sitenote_note":"","_monsterinsights_sitenote_category":0,"_joinchat":[],"footnotes":""},"class_list":["post-4126","page","type-page","status-publish","hentry"],"acf":[],"yoast_head":"<!-- This site is optimized with the Yoast SEO plugin v26.0 - https:\/\/yoast.com\/wordpress\/plugins\/seo\/ -->\n<title>Espace R\u00e9serv\u00e9 - Miraglia Olive<\/title>\n<meta name=\"robots\" content=\"index, follow, max-snippet:-1, max-image-preview:large, max-video-preview:-1\" \/>\n<link rel=\"canonical\" href=\"https:\/\/miragliaolive.com\/fr\/espace-reserve\/\" \/>\n<meta property=\"og:locale\" content=\"fr_FR\" \/>\n<meta property=\"og:type\" content=\"article\" \/>\n<meta property=\"og:title\" content=\"Espace R\u00e9serv\u00e9 - Miraglia Olive\" \/>\n<meta property=\"og:description\" content=\"Listes de prix T\u00e9l\u00e9chargez nos tarifs r\u00e9serv\u00e9s C&rsquo;est un espace r\u00e9serv\u00e9 ! Pour voir le&hellip;\" \/>\n<meta property=\"og:url\" content=\"https:\/\/miragliaolive.com\/fr\/espace-reserve\/\" \/>\n<meta property=\"og:site_name\" content=\"Miraglia Olive\" \/>\n<meta property=\"article:modified_time\" content=\"2024-07-30T09:12:51+00:00\" \/>\n<meta name=\"twitter:card\" content=\"summary_large_image\" \/>\n<meta name=\"twitter:label1\" content=\"Dur\u00e9e de lecture estim\u00e9e\" \/>\n\t<meta name=\"twitter:data1\" content=\"1 minute\" \/>\n<script type=\"application\/ld+json\" class=\"yoast-schema-graph\">{\"@context\":\"https:\/\/schema.org\",\"@graph\":[{\"@type\":\"WebPage\",\"@id\":\"https:\/\/miragliaolive.com\/fr\/espace-reserve\/\",\"url\":\"https:\/\/miragliaolive.com\/fr\/espace-reserve\/\",\"name\":\"Espace R\u00e9serv\u00e9 - Miraglia Olive\",\"isPartOf\":{\"@id\":\"https:\/\/miragliaolive.com\/fr\/#website\"},\"datePublished\":\"2023-10-11T10:16:04+00:00\",\"dateModified\":\"2024-07-30T09:12:51+00:00\",\"breadcrumb\":{\"@id\":\"https:\/\/miragliaolive.com\/fr\/espace-reserve\/#breadcrumb\"},\"inLanguage\":\"fr-FR\",\"potentialAction\":[{\"@type\":\"ReadAction\",\"target\":[\"https:\/\/miragliaolive.com\/fr\/espace-reserve\/\"]}]},{\"@type\":\"BreadcrumbList\",\"@id\":\"https:\/\/miragliaolive.com\/fr\/espace-reserve\/#breadcrumb\",\"itemListElement\":[{\"@type\":\"ListItem\",\"position\":1,\"name\":\"Home\",\"item\":\"https:\/\/miragliaolive.com\/fr\/\"},{\"@type\":\"ListItem\",\"position\":2,\"name\":\"Espace R\u00e9serv\u00e9\"}]},{\"@type\":\"WebSite\",\"@id\":\"https:\/\/miragliaolive.com\/fr\/#website\",\"url\":\"https:\/\/miragliaolive.com\/fr\/\",\"name\":\"Miragliaolive\",\"description\":\"Le Pi\u00f9 Belle Olive da Tavola\",\"publisher\":{\"@id\":\"https:\/\/miragliaolive.com\/fr\/#organization\"},\"potentialAction\":[{\"@type\":\"SearchAction\",\"target\":{\"@type\":\"EntryPoint\",\"urlTemplate\":\"https:\/\/miragliaolive.com\/fr\/?s={search_term_string}\"},\"query-input\":{\"@type\":\"PropertyValueSpecification\",\"valueRequired\":true,\"valueName\":\"search_term_string\"}}],\"inLanguage\":\"fr-FR\"},{\"@type\":\"Organization\",\"@id\":\"https:\/\/miragliaolive.com\/fr\/#organization\",\"name\":\"Miragliaolive\",\"url\":\"https:\/\/miragliaolive.com\/fr\/\",\"logo\":{\"@type\":\"ImageObject\",\"inLanguage\":\"fr-FR\",\"@id\":\"https:\/\/miragliaolive.com\/fr\/#\/schema\/logo\/image\/\",\"url\":\"https:\/\/miragliaolive.com\/wp-content\/uploads\/2023\/09\/logo-desk.png\",\"contentUrl\":\"https:\/\/miragliaolive.com\/wp-content\/uploads\/2023\/09\/logo-desk.png\",\"width\":364,\"height\":149,\"caption\":\"Miragliaolive\"},\"image\":{\"@id\":\"https:\/\/miragliaolive.com\/fr\/#\/schema\/logo\/image\/\"}}]}<\/script>\n<!-- \/ Yoast SEO plugin. -->","yoast_head_json":{"title":"Espace R\u00e9serv\u00e9 - Miraglia Olive","robots":{"index":"index","follow":"follow","max-snippet":"max-snippet:-1","max-image-preview":"max-image-preview:large","max-video-preview":"max-video-preview:-1"},"canonical":"https:\/\/miragliaolive.com\/fr\/espace-reserve\/","og_locale":"fr_FR","og_type":"article","og_title":"Espace R\u00e9serv\u00e9 - Miraglia Olive","og_description":"Listes de prix T\u00e9l\u00e9chargez nos tarifs r\u00e9serv\u00e9s C&rsquo;est un espace r\u00e9serv\u00e9 ! Pour voir le&hellip;","og_url":"https:\/\/miragliaolive.com\/fr\/espace-reserve\/","og_site_name":"Miraglia Olive","article_modified_time":"2024-07-30T09:12:51+00:00","twitter_card":"summary_large_image","twitter_misc":{"Dur\u00e9e de lecture estim\u00e9e":"1 minute"},"schema":{"@context":"https:\/\/schema.org","@graph":[{"@type":"WebPage","@id":"https:\/\/miragliaolive.com\/fr\/espace-reserve\/","url":"https:\/\/miragliaolive.com\/fr\/espace-reserve\/","name":"Espace R\u00e9serv\u00e9 - Miraglia Olive","isPartOf":{"@id":"https:\/\/miragliaolive.com\/fr\/#website"},"datePublished":"2023-10-11T10:16:04+00:00","dateModified":"2024-07-30T09:12:51+00:00","breadcrumb":{"@id":"https:\/\/miragliaolive.com\/fr\/espace-reserve\/#breadcrumb"},"inLanguage":"fr-FR","potentialAction":[{"@type":"ReadAction","target":["https:\/\/miragliaolive.com\/fr\/espace-reserve\/"]}]},{"@type":"BreadcrumbList","@id":"https:\/\/miragliaolive.com\/fr\/espace-reserve\/#breadcrumb","itemListElement":[{"@type":"ListItem","position":1,"name":"Home","item":"https:\/\/miragliaolive.com\/fr\/"},{"@type":"ListItem","position":2,"name":"Espace R\u00e9serv\u00e9"}]},{"@type":"WebSite","@id":"https:\/\/miragliaolive.com\/fr\/#website","url":"https:\/\/miragliaolive.com\/fr\/","name":"Miragliaolive","description":"Le Pi\u00f9 Belle Olive da Tavola","publisher":{"@id":"https:\/\/miragliaolive.com\/fr\/#organization"},"potentialAction":[{"@type":"SearchAction","target":{"@type":"EntryPoint","urlTemplate":"https:\/\/miragliaolive.com\/fr\/?s={search_term_string}"},"query-input":{"@type":"PropertyValueSpecification","valueRequired":true,"valueName":"search_term_string"}}],"inLanguage":"fr-FR"},{"@type":"Organization","@id":"https:\/\/miragliaolive.com\/fr\/#organization","name":"Miragliaolive","url":"https:\/\/miragliaolive.com\/fr\/","logo":{"@type":"ImageObject","inLanguage":"fr-FR","@id":"https:\/\/miragliaolive.com\/fr\/#\/schema\/logo\/image\/","url":"https:\/\/miragliaolive.com\/wp-content\/uploads\/2023\/09\/logo-desk.png","contentUrl":"https:\/\/miragliaolive.com\/wp-content\/uploads\/2023\/09\/logo-desk.png","width":364,"height":149,"caption":"Miragliaolive"},"image":{"@id":"https:\/\/miragliaolive.com\/fr\/#\/schema\/logo\/image\/"}}]}},"_links":{"self":[{"href":"https:\/\/miragliaolive.com\/fr\/wp-json\/wp\/v2\/pages\/4126","targetHints":{"allow":["GET"]}}],"collection":[{"href":"https:\/\/miragliaolive.com\/fr\/wp-json\/wp\/v2\/pages"}],"about":[{"href":"https:\/\/miragliaolive.com\/fr\/wp-json\/wp\/v2\/types\/page"}],"author":[{"embeddable":true,"href":"https:\/\/miragliaolive.com\/fr\/wp-json\/wp\/v2\/users\/2"}],"replies":[{"embeddable":true,"href":"https:\/\/miragliaolive.com\/fr\/wp-json\/wp\/v2\/comments?post=4126"}],"version-history":[{"count":0,"href":"https:\/\/miragliaolive.com\/fr\/wp-json\/wp\/v2\/pages\/4126\/revisions"}],"wp:attachment":[{"href":"https:\/\/miragliaolive.com\/fr\/wp-json\/wp\/v2\/media?parent=4126"}],"curies":[{"name":"wp","href":"https:\/\/api.w.org\/{rel}","templated":true}]}}