{"id":5225,"date":"2023-10-03T07:59:28","date_gmt":"2023-10-03T07:59:28","guid":{"rendered":"https:\/\/miragliaolive.com\/privacy-policy\/"},"modified":"2024-07-29T08:41:14","modified_gmt":"2024-07-29T08:41:14","slug":"privacy-policy","status":"publish","type":"page","link":"https:\/\/miragliaolive.com\/fr\/privacy-policy\/","title":{"rendered":"Privacy Policy"},"content":{"rendered":"\n<p><\/p>\n\n\n\n<p><\/p>\n\n\n\n<div style=\"height:100px\" aria-hidden=\"true\" class=\"wp-block-spacer\"><\/div>\n\n\n\n<p><strong>Miraglia S.r.l. reconna\u00eet l&rsquo;importance de la protection des donn\u00e9es personnelles, s&rsquo;engage \u00e0 les respecter, \u00e0 les traiter avec soin et confidentialit\u00e9 et \u00e0 ne pas les utiliser \u00e0 des fins autres que celles sp\u00e9cifi\u00e9es ci-dessous.<\/strong><\/p>\n\n\n\n<p>\u00c0 cette fin, cette politique d\u00e9crit les modalit\u00e9s de gestion du site en ce qui concerne le traitement des donn\u00e9es personnelles des utilisateurs qui le consultent. Il s&rsquo;agit d&rsquo;une information fournie conform\u00e9ment \u00e0 l&rsquo;article 13 du R\u00e8glement UE 679\/2016 (ci-apr\u00e8s \u00ab\u00a0RGPD\u00a0\u00bb) \u00e0 ceux qui interagissent avec nos services web accessibles par voie \u00e9lectronique sur les pages du site web <a href=\"http:\/\/www.miragliaolive.com\">www.miragliaolive.com<\/a> et lnx.miragliaolive.com.<\/p>\n\n\n\n<p>Cette Politique peut \u00eatre modifi\u00e9e ou mise \u00e0 jour \u00e0 tout moment par Miraglia S.r.l.<\/p>\n\n\n\n<p><strong>Responsable du traitement<\/strong><\/p>\n\n\n\n<p>Le Responsable du traitement est : Miraglia S.r.l., avec si\u00e8ge social \u00e0 Strada Consortile A.S.I., CAP: 81032 \u2013 Carinaro (CE), num\u00e9ro de TVA IT04537100630<\/p>\n\n\n\n<p>Le Responsable du traitement de vos donn\u00e9es personnelles est Miraglia S.r.l., num\u00e9ro de TVA IT04537100630<\/p>\n\n\n\n<p>Email : <a>info@miragliaolive.com<\/a><\/p>\n\n\n\n<p><strong>Types de donn\u00e9es collect\u00e9es<\/strong><\/p>\n\n\n\n<p>Les informations demand\u00e9es sont utilis\u00e9es pour permettre l&rsquo;acc\u00e8s aux services en ligne offerts par le site. La registration \u00e9tant pr\u00e9paratoire \u00e0 l&rsquo;acc\u00e8s \u00e0 ces services, les donn\u00e9es personnelles des utilisateurs, une fois le service choisi, seront trait\u00e9es pour des finalit\u00e9s li\u00e9es et\/ou fonctionnelles au service choisi.<\/p>\n\n\n\n<p>Les donn\u00e9es personnelles demand\u00e9es sont divis\u00e9es en deux cat\u00e9gories : obligatoires et facultatives.<\/p>\n\n\n\n<p><strong>Donn\u00e9es obligatoires :<\/strong><\/p>\n\n\n\n<p>Email uniquement pour la fonctionnalit\u00e9 d&rsquo;abonnement \u00e0 la newsletter.<\/p>\n\n\n\n<p>La fourniture de donn\u00e9es obligatoires est strictement fonctionnelle \u00e0 l&rsquo;ex\u00e9cution des services demand\u00e9s par l&rsquo;utilisateur.<\/p>\n\n\n\n<p><strong>Donn\u00e9es facultatives :<\/strong><\/p>\n\n\n\n<p>Poste recherch\u00e9, Pr\u00e9nom, Nom, Email, Br\u00e8ve pr\u00e9sentation, Pi\u00e8ce jointe PDF du CV pour la seule page \u00ab\u00a0travaillez avec nous\u00a0\u00bb.<\/p>\n\n\n\n<p><strong>Autres cat\u00e9gories de donn\u00e9es : donn\u00e9es de navigation :<\/strong><\/p>\n\n\n\n<p>Les syst\u00e8mes informatiques et les proc\u00e9dures logicielles pr\u00e9pos\u00e9es au fonctionnement de ce site web acqui\u00e8rent, au cours de leur fonctionnement normal, certaines donn\u00e9es personnelles dont la transmission est implicite dans l&rsquo;utilisation des protocoles de communication Internet. Il s&rsquo;agit d&rsquo;informations qui ne sont pas collect\u00e9es pour \u00eatre associ\u00e9es \u00e0 des personnes identifi\u00e9es, mais qui, par leur nature m\u00eame, pourraient, par des traitements et des associations avec des donn\u00e9es d\u00e9tenues par des tiers, permettre d&rsquo;identifier les utilisateurs.<\/p>\n\n\n\n<p>Cette cat\u00e9gorie de donn\u00e9es comprend les adresses IP ou les noms de domaine des ordinateurs utilis\u00e9s par les utilisateurs qui se connectent au site, les adresses en notation URI (Uniform Resource Identifier) des ressources demand\u00e9es, l&rsquo;heure de la demande, la m\u00e9thode utilis\u00e9e pour soumettre la demande au serveur, la taille du fichier obtenu en r\u00e9ponse, le code num\u00e9rique indiquant l&rsquo;\u00e9tat de la r\u00e9ponse donn\u00e9e par le serveur (succ\u00e8s, erreur, etc.) et d&rsquo;autres param\u00e8tres relatifs au syst\u00e8me d&rsquo;exploitation et \u00e0 l&rsquo;environnement informatique de l&rsquo;utilisateur. Ces donn\u00e9es sont utilis\u00e9es uniquement pour obtenir des informations statistiques anonymes sur l&rsquo;utilisation du site et pour en v\u00e9rifier le bon fonctionnement, et sont conserv\u00e9es pour la p\u00e9riode d\u00e9finie par la r\u00e9glementation l\u00e9gale de r\u00e9f\u00e9rence. Les donn\u00e9es pourraient \u00eatre utilis\u00e9es pour d\u00e9terminer les responsabilit\u00e9s en cas de crimes informatiques hypoth\u00e9tiques contre le site.<\/p>\n\n\n\n<p><strong>Finalit\u00e9 du traitement<\/strong><\/p>\n\n\n\n<p>Les donn\u00e9es personnelles, fournies directement par l&rsquo;int\u00e9ress\u00e9 et\/ou collect\u00e9es par le biais de la compl\u00e9tion de formulaires (disponibles sur le site internet g\u00e9r\u00e9 par Miraglia S.r.l.) ou de formulaires papier (formulaires de commande, fiches d&rsquo;enregistrement pour des \u00e9v\u00e9nements et des foires, etc.), sont trait\u00e9es pour :<\/p>\n\n\n\n<ul class=\"wp-block-list\">\n<li>le traitement des commandes par Miraglia S.r.l., ainsi que la conclusion du contrat dont l&rsquo;int\u00e9ress\u00e9 est partie ;<\/li>\n\n\n\n<li>des fins administratives et comptables li\u00e9es aux contrats ;<\/li>\n\n\n\n<li>l&rsquo;envoi d&rsquo;informations commerciales par newsletter ;<\/li>\n\n\n\n<li>des contacts commerciaux par Miraglia S.r.l.<\/li>\n<\/ul>\n\n\n\n<p>Le consentement aux traitements susmentionn\u00e9s est obligatoire pour pouvoir b\u00e9n\u00e9ficier des produits et services offerts par Miraglia S.r.l.<\/p>\n\n\n\n<p>Les communications relatives aux activit\u00e9s de marketing peuvent se faire par le biais de m\u00e9thodes traditionnelles (par exemple, courrier postal, appels t\u00e9l\u00e9phoniques avec op\u00e9rateur), automatis\u00e9es (par exemple, appels sans op\u00e9rateur) et similaires (par exemple, fax, email, SMS, newsletter).<\/p>\n\n\n\n<p>Sauf opposition, le Responsable du traitement peut continuer \u00e0 envoyer \u00e0 ses clients les communications commerciales relatives \u00e0 des services similaires \u00e0 ceux dont ils b\u00e9n\u00e9ficient d\u00e9j\u00e0.<\/p>\n\n\n\n<p><strong>Modalit\u00e9s de traitement<\/strong><\/p>\n\n\n\n<p>Le traitement des donn\u00e9es sera r\u00e9alis\u00e9 par les op\u00e9rations suivantes : collecte, enregistrement, organisation, conservation, consultation, traitement, modification, s\u00e9lection, extraction, comparaison, utilisation, interconnexion, blocage, communication, suppression et destruction des donn\u00e9es.<\/p>\n\n\n\n<p>Les donn\u00e9es seront trait\u00e9es \u00e0 la fois sur papier et \u00e9lectroniquement et\/ou de mani\u00e8re automatis\u00e9e.<\/p>\n\n\n\n<p>Les donn\u00e9es \u00e0 partir de leur r\u00e9ception\/mise \u00e0 jour, seront conserv\u00e9es pour une p\u00e9riode congrue par rapport aux finalit\u00e9s du traitement mentionn\u00e9es ci-dessus.<\/p>\n\n\n\n<p><strong>Destinataires<\/strong><\/p>\n\n\n\n<p>Les donn\u00e9es peuvent \u00eatre communiqu\u00e9es et\/ou diffus\u00e9es aux soci\u00e9t\u00e9s du groupe Miraglia S.r.l., \u00e0 notre r\u00e9seau de vente.<\/p>\n\n\n\n<p>Les donn\u00e9es relatives au contrat et \u00e0 l&rsquo;activit\u00e9 de service peuvent \u00eatre communiqu\u00e9es \u00e0 des consultants commerciaux\/techniques pour des finalit\u00e9s administratives et comptables et \u00e0 des avocats pour une \u00e9ventuelle gestion des litiges.<\/p>\n\n\n\n<p>Les donn\u00e9es peuvent \u00eatre transf\u00e9r\u00e9es \u00e0 des partenaires commerciaux et sponsors.<\/p>\n\n\n\n<p><strong>Lieu de traitement<\/strong><\/p>\n\n\n\n<p>Les donn\u00e9es collect\u00e9es sont trait\u00e9es au si\u00e8ge du Responsable du traitement et au datacenter du web Hosting ARUBA BUSINESS. L&rsquo;h\u00e9bergement web, qui est responsable du traitement des donn\u00e9es, traite les donn\u00e9es pour le compte du responsable, r\u00e9side dans l&rsquo;Espace \u00e9conomique europ\u00e9en et agit conform\u00e9ment aux normes europ\u00e9ennes.<\/p>\n\n\n\n<p><strong>P\u00e9riode de conservation<\/strong><\/p>\n\n\n\n<p>Les donn\u00e9es obligatoires \u00e0 des fins contractuelles et comptables sont conserv\u00e9es pendant le temps n\u00e9cessaire \u00e0 la r\u00e9alisation de la relation commerciale et comptable.<\/p>\n\n\n\n<p>Les donn\u00e9es de ceux qui n&rsquo;ach\u00e8tent ou n&rsquo;utilisent pas de produits\/services, malgr\u00e9 avoir eu un contact pr\u00e9alable avec des repr\u00e9sentants de l&rsquo;entreprise, seront trait\u00e9es de mani\u00e8re anonyme.<\/p>\n\n\n\n<p><strong>Droits de l&rsquo;int\u00e9ress\u00e9<\/strong><\/p>\n\n\n\n<p>Conform\u00e9ment au R\u00e8glement europ\u00e9en 679\/2016 (RGPD) et \u00e0 la l\u00e9gislation nationale, l&rsquo;int\u00e9ress\u00e9 peut, selon les modalit\u00e9s et dans les limites pr\u00e9vues par la l\u00e9gislation en vigueur, exercer les droits suivants :<\/p>\n\n\n\n<ul class=\"wp-block-list\">\n<li>demander la confirmation de l&rsquo;existence de donn\u00e9es personnelles le concernant (droit d&rsquo;acc\u00e8s) ;<\/li>\n\n\n\n<li>en conna\u00eetre l&rsquo;origine ;<\/li>\n\n\n\n<li>recevoir une communication intelligible ;<\/li>\n\n\n\n<li>avoir des informations sur la logique, les modalit\u00e9s et les finalit\u00e9s du traitement ;<\/li>\n\n\n\n<li>demander la mise \u00e0 jour, la rectification, l&rsquo;int\u00e9gration, la suppression, la transformation en forme anonyme, le blocage des donn\u00e9es trait\u00e9es en violation de la loi, y compris celles qui ne sont plus n\u00e9cessaires pour atteindre les objectifs pour lesquels elles ont \u00e9t\u00e9 collect\u00e9es ;<\/li>\n\n\n\n<li>le droit de limiter ou de s&rsquo;opposer au traitement des donn\u00e9es les concernant ;<\/li>\n\n\n\n<li>le droit de r\u00e9vocation ;<\/li>\n\n\n\n<li>le droit \u00e0 la portabilit\u00e9 des donn\u00e9es ;<\/li>\n\n\n\n<li>en cas de traitement bas\u00e9 sur le consentement, recevoir ses donn\u00e9es fournies au responsable, sous une forme structur\u00e9e et lisible par un appareil de donn\u00e9es et dans un format couramment utilis\u00e9 par un appareil \u00e9lectronique ;<\/li>\n\n\n\n<li>le droit de d\u00e9poser une plainte aupr\u00e8s de l&rsquo;autorit\u00e9 de contr\u00f4le ;<\/li>\n\n\n\n<li>le droit de savoir s&rsquo;il existe un \u00e9ventuel processus de profilage.<\/li>\n<\/ul>\n\n\n\n<p><strong>Cookies<\/strong><\/p>\n\n\n\n<p><strong>Informations sur les cookies<\/strong><\/p>\n\n\n\n<p><strong>Qu&rsquo;est-ce qu&rsquo;un cookie ?<\/strong><\/p>\n\n\n\n<p>Un cookie est un petit fichier texte qui est stock\u00e9 par l&rsquo;ordinateur lorsqu&rsquo;un site web est visit\u00e9 par un utilisateur. Le texte stocke des informations que le site peut lire lorsqu&rsquo;il est consult\u00e9 ult\u00e9rieurement. Certains de ces cookies sont n\u00e9cessaires au bon fonctionnement du site, tandis que d&rsquo;autres sont utiles pour le visiteur car ils peuvent stocker en toute s\u00e9curit\u00e9, par exemple, le nom d&rsquo;utilisateur ou les param\u00e8tres de langue. L&rsquo;avantage d&rsquo;avoir des cookies install\u00e9s sur votre PC est que vous n&rsquo;avez plus besoin de remplir les m\u00eames informations chaque fois que vous souhaitez acc\u00e9der \u00e0 un site pr\u00e9c\u00e9demment visit\u00e9.<\/p>\n\n\n\n<p><strong>Pourquoi <a href=\"http:\/\/www.miragliaolive.com\">www.miragliaolive.com<\/a> et lnx.miragliaolive.com utilisent-ils des cookies ?<\/strong><\/p>\n\n\n\n<p><a href=\"http:\/\/www.miragliaolive.com\">www.miragliaolive.com<\/a> et lnx.miragliaolive.com utilisent des cookies pour offrir \u00e0 leurs clients une exp\u00e9rience d&rsquo;achat aussi personnalis\u00e9e que possible en fonction de leurs go\u00fbts et pr\u00e9f\u00e9rences. Gr\u00e2ce aux cookies, <a href=\"http:\/\/www.miragliaolive.com\">www.miragliaolive.com<\/a> et lnx.miragliaolive.com s&rsquo;assurent qu&rsquo;\u00e0 chaque visite sur le site, les m\u00eames informations ne doivent pas \u00eatre re\u00e7ues ou saisies. Les cookies sont \u00e9galement utilis\u00e9s pour optimiser les performances du site web : ils facilitent en effet \u00e0 la fois le processus final d&rsquo;achat et la recherche rapide d&rsquo;\u00e9l\u00e9ments et de produits sp\u00e9cifiques au sein du site. Afin de prot\u00e9ger vos donn\u00e9es personnelles contre d&rsquo;\u00e9ventuelles pertes et toute forme de traitement illicite, <a href=\"http:\/\/www.miragliaolive.com\">www.miragliaolive.com<\/a> et lnx.miragliaolive.com ont pris des mesures techniques et organisationnelles appropri\u00e9es.<\/p>\n\n\n\n<p>Pour plus d&rsquo;informations, veuillez consulter notre Politique de confidentialit\u00e9.<\/p>\n\n\n\n<p><strong>Comment puis-je d\u00e9sactiver les cookies ?<\/strong><\/p>\n\n\n\n<p>Vous pouvez modifier votre navigateur pour d\u00e9sactiver les cookies par une proc\u00e9dure tr\u00e8s simple. Attention : en d\u00e9sactivant les cookies, le nom d&rsquo;utilisateur et le mot de passe ne seront plus m\u00e9moris\u00e9s dans la bo\u00eete de connexion du site.<\/p>\n\n\n\n<p><strong>Firefox :<\/strong><\/p>\n\n\n\n<ol class=\"wp-block-list\">\n<li>Ouvrez Firefox.<\/li>\n\n\n\n<li>Appuyez sur le bouton \u00ab\u00a0Alt\u00a0\u00bb de votre clavier.<\/li>\n\n\n\n<li>Dans la barre d&rsquo;outils situ\u00e9e en haut du navigateur, s\u00e9lectionnez \u00ab\u00a0Outils\u00a0\u00bb puis \u00ab\u00a0Options\u00a0\u00bb.<\/li>\n\n\n\n<li>S\u00e9lectionnez l&rsquo;onglet \u00ab\u00a0Vie priv\u00e9e\u00a0\u00bb.<\/li>\n\n\n\n<li>Allez sur \u00ab\u00a0Param\u00e8tres de l&rsquo;historique:\u00a0\u00bb puis sur \u00ab\u00a0Utiliser les param\u00e8tres personnalis\u00e9s\u00a0\u00bb. D\u00e9cochez \u00ab\u00a0Accepter les cookies des sites\u00a0\u00bb et enregistrez les pr\u00e9f\u00e9rences.<\/li>\n<\/ol>\n\n\n\n<p><strong>Internet Explorer :<\/strong><\/p>\n\n\n\n<ol class=\"wp-block-list\">\n<li>Ouvrez Internet Explorer.<\/li>\n\n\n\n<li>Cliquez sur le bouton \u00ab\u00a0Outils\u00a0\u00bb puis sur \u00ab\u00a0Options Internet\u00a0\u00bb.<\/li>\n\n\n\n<li>S\u00e9lectionnez l&rsquo;onglet \u00ab\u00a0Vie priv\u00e9e\u00a0\u00bb et d\u00e9placez le curseur sur le niveau de confidentialit\u00e9 que vous souhaitez d\u00e9finir (vers le haut pour bloquer tous les cookies ou vers le bas pour les autoriser tous).<\/li>\n\n\n\n<li>Cliquez ensuite sur OK.<\/li>\n<\/ol>\n\n\n\n<p><strong>Google Chrome :<\/strong><\/p>\n\n\n\n<ol class=\"wp-block-list\">\n<li>Ouvrez Google Chrome.<\/li>\n\n\n\n<li>Cliquez sur l&rsquo;ic\u00f4ne \u00ab\u00a0Outils\u00a0\u00bb.<\/li>\n\n\n\n<li>S\u00e9lectionnez \u00ab\u00a0Param\u00e8tres\u00a0\u00bb puis \u00ab\u00a0Param\u00e8tres avanc\u00e9s\u00a0\u00bb.<\/li>\n\n\n\n<li>S\u00e9lectionnez \u00ab\u00a0Param\u00e8tres de contenu\u00a0\u00bb sous \u00ab\u00a0Confidentialit\u00e9\u00a0\u00bb.<\/li>\n\n\n\n<li>Dans l&rsquo;onglet \u00ab\u00a0Cookies\u00a0\u00bb, vous pouvez d\u00e9s\u00e9lectionner les cookies et enregistrer les pr\u00e9f\u00e9rences.<\/li>\n<\/ol>\n\n\n\n<p><strong>Safari :<\/strong><\/p>\n\n\n\n<ol class=\"wp-block-list\">\n<li>Ouvrez Safari.<\/li>\n\n\n\n<li>Choisissez \u00ab\u00a0Pr\u00e9f\u00e9rences\u00a0\u00bb dans la barre d&rsquo;outils, puis s\u00e9lectionnez le panneau \u00ab\u00a0S\u00e9curit\u00e9\u00a0\u00bb dans la bo\u00eete de dialogue suivante.<\/li>\n\n\n\n<li>Dans la section \u00ab\u00a0Accepter les cookies\u00a0\u00bb, vous pouvez sp\u00e9cifier si et quand Safari doit enregistrer les cookies des sites web. Pour plus d&rsquo;informations, cliquez sur le bouton Aide (marqu\u00e9 d&rsquo;un point d&rsquo;interrogation).<\/li>\n\n\n\n<li>Pour plus d&rsquo;informations sur les cookies stock\u00e9s sur votre ordinateur, cliquez sur \u00ab\u00a0Afficher les cookies\u00a0\u00bb.<\/li>\n<\/ol>\n","protected":false},"excerpt":{"rendered":"<p>Miraglia S.r.l. reconna\u00eet l&rsquo;importance de la protection des donn\u00e9es personnelles, s&rsquo;engage \u00e0 les respecter, \u00e0&hellip;<\/p>\n","protected":false},"author":2,"featured_media":0,"parent":0,"menu_order":0,"comment_status":"closed","ping_status":"closed","template":"","meta":{"_acf_changed":false,"_monsterinsights_skip_tracking":false,"_monsterinsights_sitenote_active":false,"_monsterinsights_sitenote_note":"","_monsterinsights_sitenote_category":0,"_joinchat":[],"footnotes":""},"class_list":["post-5225","page","type-page","status-publish","hentry"],"acf":[],"yoast_head":"<!-- This site is optimized with the Yoast SEO plugin v26.0 - https:\/\/yoast.com\/wordpress\/plugins\/seo\/ -->\n<title>Privacy Policy - Miraglia Olive<\/title>\n<meta name=\"robots\" content=\"index, follow, max-snippet:-1, max-image-preview:large, max-video-preview:-1\" \/>\n<link rel=\"canonical\" href=\"https:\/\/miragliaolive.com\/fr\/privacy-policy\/\" \/>\n<meta property=\"og:locale\" content=\"fr_FR\" \/>\n<meta property=\"og:type\" content=\"article\" \/>\n<meta property=\"og:title\" content=\"Privacy Policy - Miraglia Olive\" \/>\n<meta property=\"og:description\" content=\"Miraglia S.r.l. reconna\u00eet l&rsquo;importance de la protection des donn\u00e9es personnelles, s&rsquo;engage \u00e0 les respecter, \u00e0&hellip;\" \/>\n<meta property=\"og:url\" content=\"https:\/\/miragliaolive.com\/fr\/privacy-policy\/\" \/>\n<meta property=\"og:site_name\" content=\"Miraglia Olive\" \/>\n<meta property=\"article:modified_time\" content=\"2024-07-29T08:41:14+00:00\" \/>\n<meta name=\"twitter:card\" content=\"summary_large_image\" \/>\n<meta name=\"twitter:label1\" content=\"Dur\u00e9e de lecture estim\u00e9e\" \/>\n\t<meta name=\"twitter:data1\" content=\"9 minutes\" \/>\n<script type=\"application\/ld+json\" class=\"yoast-schema-graph\">{\"@context\":\"https:\/\/schema.org\",\"@graph\":[{\"@type\":\"WebPage\",\"@id\":\"https:\/\/miragliaolive.com\/fr\/privacy-policy\/\",\"url\":\"https:\/\/miragliaolive.com\/fr\/privacy-policy\/\",\"name\":\"Privacy Policy - Miraglia Olive\",\"isPartOf\":{\"@id\":\"https:\/\/miragliaolive.com\/fr\/#website\"},\"datePublished\":\"2023-10-03T07:59:28+00:00\",\"dateModified\":\"2024-07-29T08:41:14+00:00\",\"breadcrumb\":{\"@id\":\"https:\/\/miragliaolive.com\/fr\/privacy-policy\/#breadcrumb\"},\"inLanguage\":\"fr-FR\",\"potentialAction\":[{\"@type\":\"ReadAction\",\"target\":[\"https:\/\/miragliaolive.com\/fr\/privacy-policy\/\"]}]},{\"@type\":\"BreadcrumbList\",\"@id\":\"https:\/\/miragliaolive.com\/fr\/privacy-policy\/#breadcrumb\",\"itemListElement\":[{\"@type\":\"ListItem\",\"position\":1,\"name\":\"Home\",\"item\":\"https:\/\/miragliaolive.com\/fr\/\"},{\"@type\":\"ListItem\",\"position\":2,\"name\":\"Privacy Policy\"}]},{\"@type\":\"WebSite\",\"@id\":\"https:\/\/miragliaolive.com\/fr\/#website\",\"url\":\"https:\/\/miragliaolive.com\/fr\/\",\"name\":\"Miragliaolive\",\"description\":\"Le Pi\u00f9 Belle Olive da Tavola\",\"publisher\":{\"@id\":\"https:\/\/miragliaolive.com\/fr\/#organization\"},\"potentialAction\":[{\"@type\":\"SearchAction\",\"target\":{\"@type\":\"EntryPoint\",\"urlTemplate\":\"https:\/\/miragliaolive.com\/fr\/?s={search_term_string}\"},\"query-input\":{\"@type\":\"PropertyValueSpecification\",\"valueRequired\":true,\"valueName\":\"search_term_string\"}}],\"inLanguage\":\"fr-FR\"},{\"@type\":\"Organization\",\"@id\":\"https:\/\/miragliaolive.com\/fr\/#organization\",\"name\":\"Miragliaolive\",\"url\":\"https:\/\/miragliaolive.com\/fr\/\",\"logo\":{\"@type\":\"ImageObject\",\"inLanguage\":\"fr-FR\",\"@id\":\"https:\/\/miragliaolive.com\/fr\/#\/schema\/logo\/image\/\",\"url\":\"https:\/\/miragliaolive.com\/wp-content\/uploads\/2023\/09\/logo-desk.png\",\"contentUrl\":\"https:\/\/miragliaolive.com\/wp-content\/uploads\/2023\/09\/logo-desk.png\",\"width\":364,\"height\":149,\"caption\":\"Miragliaolive\"},\"image\":{\"@id\":\"https:\/\/miragliaolive.com\/fr\/#\/schema\/logo\/image\/\"}}]}<\/script>\n<!-- \/ Yoast SEO plugin. -->","yoast_head_json":{"title":"Privacy Policy - Miraglia Olive","robots":{"index":"index","follow":"follow","max-snippet":"max-snippet:-1","max-image-preview":"max-image-preview:large","max-video-preview":"max-video-preview:-1"},"canonical":"https:\/\/miragliaolive.com\/fr\/privacy-policy\/","og_locale":"fr_FR","og_type":"article","og_title":"Privacy Policy - Miraglia Olive","og_description":"Miraglia S.r.l. reconna\u00eet l&rsquo;importance de la protection des donn\u00e9es personnelles, s&rsquo;engage \u00e0 les respecter, \u00e0&hellip;","og_url":"https:\/\/miragliaolive.com\/fr\/privacy-policy\/","og_site_name":"Miraglia Olive","article_modified_time":"2024-07-29T08:41:14+00:00","twitter_card":"summary_large_image","twitter_misc":{"Dur\u00e9e de lecture estim\u00e9e":"9 minutes"},"schema":{"@context":"https:\/\/schema.org","@graph":[{"@type":"WebPage","@id":"https:\/\/miragliaolive.com\/fr\/privacy-policy\/","url":"https:\/\/miragliaolive.com\/fr\/privacy-policy\/","name":"Privacy Policy - Miraglia Olive","isPartOf":{"@id":"https:\/\/miragliaolive.com\/fr\/#website"},"datePublished":"2023-10-03T07:59:28+00:00","dateModified":"2024-07-29T08:41:14+00:00","breadcrumb":{"@id":"https:\/\/miragliaolive.com\/fr\/privacy-policy\/#breadcrumb"},"inLanguage":"fr-FR","potentialAction":[{"@type":"ReadAction","target":["https:\/\/miragliaolive.com\/fr\/privacy-policy\/"]}]},{"@type":"BreadcrumbList","@id":"https:\/\/miragliaolive.com\/fr\/privacy-policy\/#breadcrumb","itemListElement":[{"@type":"ListItem","position":1,"name":"Home","item":"https:\/\/miragliaolive.com\/fr\/"},{"@type":"ListItem","position":2,"name":"Privacy Policy"}]},{"@type":"WebSite","@id":"https:\/\/miragliaolive.com\/fr\/#website","url":"https:\/\/miragliaolive.com\/fr\/","name":"Miragliaolive","description":"Le Pi\u00f9 Belle Olive da Tavola","publisher":{"@id":"https:\/\/miragliaolive.com\/fr\/#organization"},"potentialAction":[{"@type":"SearchAction","target":{"@type":"EntryPoint","urlTemplate":"https:\/\/miragliaolive.com\/fr\/?s={search_term_string}"},"query-input":{"@type":"PropertyValueSpecification","valueRequired":true,"valueName":"search_term_string"}}],"inLanguage":"fr-FR"},{"@type":"Organization","@id":"https:\/\/miragliaolive.com\/fr\/#organization","name":"Miragliaolive","url":"https:\/\/miragliaolive.com\/fr\/","logo":{"@type":"ImageObject","inLanguage":"fr-FR","@id":"https:\/\/miragliaolive.com\/fr\/#\/schema\/logo\/image\/","url":"https:\/\/miragliaolive.com\/wp-content\/uploads\/2023\/09\/logo-desk.png","contentUrl":"https:\/\/miragliaolive.com\/wp-content\/uploads\/2023\/09\/logo-desk.png","width":364,"height":149,"caption":"Miragliaolive"},"image":{"@id":"https:\/\/miragliaolive.com\/fr\/#\/schema\/logo\/image\/"}}]}},"_links":{"self":[{"href":"https:\/\/miragliaolive.com\/fr\/wp-json\/wp\/v2\/pages\/5225","targetHints":{"allow":["GET"]}}],"collection":[{"href":"https:\/\/miragliaolive.com\/fr\/wp-json\/wp\/v2\/pages"}],"about":[{"href":"https:\/\/miragliaolive.com\/fr\/wp-json\/wp\/v2\/types\/page"}],"author":[{"embeddable":true,"href":"https:\/\/miragliaolive.com\/fr\/wp-json\/wp\/v2\/users\/2"}],"replies":[{"embeddable":true,"href":"https:\/\/miragliaolive.com\/fr\/wp-json\/wp\/v2\/comments?post=5225"}],"version-history":[{"count":0,"href":"https:\/\/miragliaolive.com\/fr\/wp-json\/wp\/v2\/pages\/5225\/revisions"}],"wp:attachment":[{"href":"https:\/\/miragliaolive.com\/fr\/wp-json\/wp\/v2\/media?parent=5225"}],"curies":[{"name":"wp","href":"https:\/\/api.w.org\/{rel}","templated":true}]}}