{"id":6378,"date":"2025-07-02T08:47:44","date_gmt":"2025-07-02T08:47:44","guid":{"rendered":"https:\/\/miragliaolive.com\/?page_id=6378"},"modified":"2025-07-03T09:00:40","modified_gmt":"2025-07-03T09:00:40","slug":"zone-reservee","status":"publish","type":"page","link":"https:\/\/miragliaolive.com\/fr\/zone-reservee\/","title":{"rendered":"Zone r\u00e9serv\u00e9e"},"content":{"rendered":"\t\t<div data-elementor-type=\"wp-page\" data-elementor-id=\"6378\" class=\"elementor elementor-6378 elementor-6376\" data-elementor-post-type=\"page\">\n\t\t\t\t\t\t<section class=\"elementor-section elementor-top-section elementor-element elementor-element-45c1211 elementor-section-full_width elementor-section-height-min-height elementor-section-height-default elementor-section-items-middle sc_fly_static\" data-id=\"45c1211\" data-element_type=\"section\" data-settings=\"{&quot;background_background&quot;:&quot;classic&quot;}\">\n\t\t\t\t\t\t\t<div class=\"elementor-background-overlay\"><\/div>\n\t\t\t\t\t\t\t<div class=\"elementor-container elementor-column-gap-extended\">\n\t\t\t\t\t<div class=\"elementor-column elementor-col-100 elementor-top-column elementor-element elementor-element-0221ab4 sc_inner_width_none sc_content_align_inherit sc_layouts_column_icons_position_left sc_fly_static\" data-id=\"0221ab4\" data-element_type=\"column\">\n\t\t\t<div class=\"elementor-widget-wrap elementor-element-populated\">\n\t\t\t\t\t\t<div class=\"elementor-element elementor-element-a368bfc sc_fly_static elementor-widget elementor-widget-heading\" data-id=\"a368bfc\" data-element_type=\"widget\" data-widget_type=\"heading.default\">\n\t\t\t\t<div class=\"elementor-widget-container\">\n\t\t\t\t\t<h1 class=\"elementor-heading-title elementor-size-default\">Zone r\u00e9serv\u00e9e<\/h1>\t\t\t\t<\/div>\n\t\t\t\t<\/div>\n\t\t\t\t\t<\/div>\n\t\t<\/div>\n\t\t\t\t\t<\/div>\n\t\t<\/section>\n\t\t\t\t<section class=\"elementor-section elementor-top-section elementor-element elementor-element-c744b53 elementor-section-boxed elementor-section-height-default elementor-section-height-default sc_fly_static\" data-id=\"c744b53\" data-element_type=\"section\">\n\t\t\t\t\t\t<div class=\"elementor-container elementor-column-gap-extended\">\n\t\t\t\t\t<div class=\"elementor-column elementor-col-100 elementor-top-column elementor-element elementor-element-1d51544 sc_inner_width_none sc_content_align_inherit sc_layouts_column_icons_position_left sc_fly_static\" data-id=\"1d51544\" data-element_type=\"column\">\n\t\t\t<div class=\"elementor-widget-wrap elementor-element-populated\">\n\t\t\t\t\t\t<div class=\"elementor-element elementor-element-5639e31 sc_height_huge sc_fly_static elementor-widget elementor-widget-spacer\" data-id=\"5639e31\" data-element_type=\"widget\" data-widget_type=\"spacer.default\">\n\t\t\t\t<div class=\"elementor-widget-container\">\n\t\t\t\t\t\t\t<div class=\"elementor-spacer\">\n\t\t\t<div class=\"elementor-spacer-inner\"><\/div>\n\t\t<\/div>\n\t\t\t\t\t\t<\/div>\n\t\t\t\t<\/div>\n\t\t\t\t\t<\/div>\n\t\t<\/div>\n\t\t\t\t\t<\/div>\n\t\t<\/section>\n\t\t\t\t<section class=\"elementor-section elementor-top-section elementor-element elementor-element-067562f scheme_default elementor-section-content-middle stax-condition-yes stax-user_role_enabled-yes elementor-section-boxed elementor-section-height-default elementor-section-height-default stax-geo_location_enabled-error stax-edd_users_enabled-error sc_fly_static\" data-id=\"067562f\" data-element_type=\"section\" data-settings=\"{&quot;background_background&quot;:&quot;classic&quot;}\">\n\t\t\t\t\t\t<div class=\"elementor-container elementor-column-gap-extended\">\n\t\t\t\t\t<div class=\"elementor-column elementor-col-50 elementor-top-column elementor-element elementor-element-f84e7ba sc_inner_width_none sc_content_align_inherit sc_layouts_column_icons_position_left sc_fly_static\" data-id=\"f84e7ba\" data-element_type=\"column\">\n\t\t\t<div class=\"elementor-widget-wrap elementor-element-populated\">\n\t\t\t\t\t\t<div class=\"elementor-element elementor-element-de8d064 sc_fly_static elementor-widget elementor-widget-trx_sc_title\" data-id=\"de8d064\" data-element_type=\"widget\" data-widget_type=\"trx_sc_title.default\">\n\t\t\t\t<div class=\"elementor-widget-container\">\n\t\t\t\t\t<div\t\tclass=\"sc_title sc_title_default\" ><h2 class=\"sc_item_title sc_title_title sc_item_title_style_default sc_item_title_tag trx_addons_inline_905072365\"\n\t\t\t><span class=\"sc_item_title_text\">Cette section est visible uniquement par les utilisateurs enregistr\u00e9s<\/span><\/h2><\/div>\t\t\t\t<\/div>\n\t\t\t\t<\/div>\n\t\t\t\t<div class=\"elementor-element elementor-element-3117982 sc_height_small sc_fly_static elementor-widget elementor-widget-spacer\" data-id=\"3117982\" data-element_type=\"widget\" data-widget_type=\"spacer.default\">\n\t\t\t\t<div class=\"elementor-widget-container\">\n\t\t\t\t\t\t\t<div class=\"elementor-spacer\">\n\t\t\t<div class=\"elementor-spacer-inner\"><\/div>\n\t\t<\/div>\n\t\t\t\t\t\t<\/div>\n\t\t\t\t<\/div>\n\t\t\t\t<div class=\"elementor-element elementor-element-1186a7f sc_fly_static elementor-widget elementor-widget-text-editor\" data-id=\"1186a7f\" data-element_type=\"widget\" data-widget_type=\"text-editor.default\">\n\t\t\t\t<div class=\"elementor-widget-container\">\n\t\t\t\t\t\t\t\t\t<p>Connectez-vous pour voir les listes de prix<\/p>\t\t\t\t\t\t\t\t<\/div>\n\t\t\t\t<\/div>\n\t\t\t\t<div class=\"elementor-element elementor-element-1f6b647 sc_height_small sc_fly_static elementor-widget elementor-widget-spacer\" data-id=\"1f6b647\" data-element_type=\"widget\" data-widget_type=\"spacer.default\">\n\t\t\t\t<div class=\"elementor-widget-container\">\n\t\t\t\t\t\t\t<div class=\"elementor-spacer\">\n\t\t\t<div class=\"elementor-spacer-inner\"><\/div>\n\t\t<\/div>\n\t\t\t\t\t\t<\/div>\n\t\t\t\t<\/div>\n\t\t\t\t\t<\/div>\n\t\t<\/div>\n\t\t\t\t<div class=\"elementor-column elementor-col-50 elementor-top-column elementor-element elementor-element-b752117 sc_inner_width_none sc_content_align_inherit sc_layouts_column_icons_position_left sc_fly_static\" data-id=\"b752117\" data-element_type=\"column\">\n\t\t\t<div class=\"elementor-widget-wrap elementor-element-populated\">\n\t\t\t\t\t\t<div class=\"elementor-element elementor-element-a881f20 sc_fly_static elementor-widget elementor-widget-login\" data-id=\"a881f20\" data-element_type=\"widget\" data-widget_type=\"login.default\">\n\t\t\t\t<div class=\"elementor-widget-container\">\n\t\t\t\t\t\t\t<form class=\"elementor-login elementor-form\" method=\"post\" action=\"https:\/\/miragliaolive.com\/fr\/wp-login.php\" aria-label=\"Login form\">\n\t\t\t<input type=\"hidden\" name=\"redirect_to\" value=\"\/fr\/wp-json\/wp\/v2\/pages\/6378\">\n\t\t\t<div class=\"elementor-form-fields-wrapper\">\n\t\t\t\t<div class=\"elementor-field-type-text elementor-field-group elementor-column elementor-col-100 elementor-field-required\">\n\t\t\t\t\t<label for=\"user-a881f20\" class=\"elementor-field-label\">Email o Username<\/label>\n\t\t\t\t\t<input size=\"1\" type=\"text\" name=\"log\" id=\"user-a881f20\" placeholder=\"\" class=\"elementor-field elementor-field-textual elementor-size-sm\">\n\t\t\t\t<\/div>\n\t\t\t\t<div class=\"elementor-field-type-text elementor-field-group elementor-column elementor-col-100 elementor-field-required\">\n\t\t\t\t\t<label for=\"password-a881f20\" class=\"elementor-field-label\">Password<\/label>\n\t\t\t\t\t<input size=\"1\" type=\"password\" name=\"pwd\" id=\"password-a881f20\" placeholder=\"\" class=\"elementor-field elementor-field-textual elementor-size-sm\">\n\t\t\t\t<\/div>\n\n\t\t\t\t\t\t\t\t\t<div class=\"elementor-field-type-checkbox elementor-field-group elementor-column elementor-col-100 elementor-remember-me\">\n\t\t\t\t\t\t<label for=\"elementor-login-remember-me\">\n\t\t\t\t\t\t\t<input type=\"checkbox\" id=\"elementor-login-remember-me\" name=\"rememberme\" value=\"forever\">\n\t\t\t\t\t\t\tSe souvenir de moi\t\t\t\t\t\t<\/label>\n\t\t\t\t\t<\/div>\n\t\t\t\t\n\t\t\t\t<div class=\"elementor-field-group elementor-column elementor-field-type-submit elementor-col-100\">\n\t\t\t\t\t<button type=\"submit\" class=\"elementor-size-sm elementor-button\" name=\"wp-submit\">\n\t\t\t\t\t\t\t\t\t\t\t\t\t\t\t<span class=\"elementor-button-text\">Login<\/span>\n\t\t\t\t\t\t\t\t\t\t\t\t<\/button>\n\t\t\t\t<\/div>\n\n\t\t\t\t\t\t\t\t\t<div class=\"elementor-field-group elementor-column elementor-col-100\">\n\t\t\t\t\t\t\t\t\t\t\t\t\t\t\t\t\t\t\t\t<a class=\"elementor-lost-password\" href=\"https:\/\/miragliaolive.com\/fr\/lost-password\/\">\n\t\t\t\t\t\t\t\tMot de passe perdu\u00a0?\t\t\t\t\t\t\t<\/a>\n\t\t\t\t\t\t\n\t\t\t\t\t\t\t\t\t\t\t<\/div>\n\t\t\t\t\t\t\t<\/div>\n\t\t<\/form>\n\t\t\t\t\t\t<\/div>\n\t\t\t\t<\/div>\n\t\t\t\t\t<\/div>\n\t\t<\/div>\n\t\t\t\t\t<\/div>\n\t\t<\/section>\n\t\t\t\t<\/div>\n\t\t","protected":false},"excerpt":{"rendered":"<p>Cette section est visible uniquement par les utilisateurs enregistr\u00e9s Connectez-vous pour voir les listes de&hellip;<\/p>\n","protected":false},"author":2,"featured_media":0,"parent":0,"menu_order":0,"comment_status":"closed","ping_status":"closed","template":"","meta":{"_acf_changed":false,"_monsterinsights_skip_tracking":false,"_monsterinsights_sitenote_active":false,"_monsterinsights_sitenote_note":"","_monsterinsights_sitenote_category":0,"_joinchat":[],"footnotes":""},"class_list":["post-6378","page","type-page","status-publish","hentry"],"acf":[],"yoast_head":"<!-- This site is optimized with the Yoast SEO plugin v26.0 - https:\/\/yoast.com\/wordpress\/plugins\/seo\/ -->\n<title>Zone r\u00e9serv\u00e9e - Miraglia Olive<\/title>\n<meta name=\"robots\" content=\"index, follow, max-snippet:-1, max-image-preview:large, max-video-preview:-1\" \/>\n<link rel=\"canonical\" href=\"https:\/\/miragliaolive.com\/fr\/zone-reservee\/\" \/>\n<meta property=\"og:locale\" content=\"fr_FR\" \/>\n<meta property=\"og:type\" content=\"article\" \/>\n<meta property=\"og:title\" content=\"Zone r\u00e9serv\u00e9e - Miraglia Olive\" \/>\n<meta property=\"og:description\" content=\"Cette section est visible uniquement par les utilisateurs enregistr\u00e9s Connectez-vous pour voir les listes de&hellip;\" \/>\n<meta property=\"og:url\" content=\"https:\/\/miragliaolive.com\/fr\/zone-reservee\/\" \/>\n<meta property=\"og:site_name\" content=\"Miraglia Olive\" \/>\n<meta property=\"article:modified_time\" content=\"2025-07-03T09:00:40+00:00\" \/>\n<meta name=\"twitter:card\" content=\"summary_large_image\" \/>\n<meta name=\"twitter:label1\" content=\"Dur\u00e9e de lecture estim\u00e9e\" \/>\n\t<meta name=\"twitter:data1\" content=\"1 minute\" \/>\n<script type=\"application\/ld+json\" class=\"yoast-schema-graph\">{\"@context\":\"https:\/\/schema.org\",\"@graph\":[{\"@type\":\"WebPage\",\"@id\":\"https:\/\/miragliaolive.com\/fr\/zone-reservee\/\",\"url\":\"https:\/\/miragliaolive.com\/fr\/zone-reservee\/\",\"name\":\"Zone r\u00e9serv\u00e9e - Miraglia Olive\",\"isPartOf\":{\"@id\":\"https:\/\/miragliaolive.com\/fr\/#website\"},\"datePublished\":\"2025-07-02T08:47:44+00:00\",\"dateModified\":\"2025-07-03T09:00:40+00:00\",\"breadcrumb\":{\"@id\":\"https:\/\/miragliaolive.com\/fr\/zone-reservee\/#breadcrumb\"},\"inLanguage\":\"fr-FR\",\"potentialAction\":[{\"@type\":\"ReadAction\",\"target\":[\"https:\/\/miragliaolive.com\/fr\/zone-reservee\/\"]}]},{\"@type\":\"BreadcrumbList\",\"@id\":\"https:\/\/miragliaolive.com\/fr\/zone-reservee\/#breadcrumb\",\"itemListElement\":[{\"@type\":\"ListItem\",\"position\":1,\"name\":\"Home\",\"item\":\"https:\/\/miragliaolive.com\/fr\/\"},{\"@type\":\"ListItem\",\"position\":2,\"name\":\"Zone r\u00e9serv\u00e9e\"}]},{\"@type\":\"WebSite\",\"@id\":\"https:\/\/miragliaolive.com\/fr\/#website\",\"url\":\"https:\/\/miragliaolive.com\/fr\/\",\"name\":\"Miragliaolive\",\"description\":\"Le Pi\u00f9 Belle Olive da Tavola\",\"publisher\":{\"@id\":\"https:\/\/miragliaolive.com\/fr\/#organization\"},\"potentialAction\":[{\"@type\":\"SearchAction\",\"target\":{\"@type\":\"EntryPoint\",\"urlTemplate\":\"https:\/\/miragliaolive.com\/fr\/?s={search_term_string}\"},\"query-input\":{\"@type\":\"PropertyValueSpecification\",\"valueRequired\":true,\"valueName\":\"search_term_string\"}}],\"inLanguage\":\"fr-FR\"},{\"@type\":\"Organization\",\"@id\":\"https:\/\/miragliaolive.com\/fr\/#organization\",\"name\":\"Miragliaolive\",\"url\":\"https:\/\/miragliaolive.com\/fr\/\",\"logo\":{\"@type\":\"ImageObject\",\"inLanguage\":\"fr-FR\",\"@id\":\"https:\/\/miragliaolive.com\/fr\/#\/schema\/logo\/image\/\",\"url\":\"https:\/\/miragliaolive.com\/wp-content\/uploads\/2023\/09\/logo-desk.png\",\"contentUrl\":\"https:\/\/miragliaolive.com\/wp-content\/uploads\/2023\/09\/logo-desk.png\",\"width\":364,\"height\":149,\"caption\":\"Miragliaolive\"},\"image\":{\"@id\":\"https:\/\/miragliaolive.com\/fr\/#\/schema\/logo\/image\/\"}}]}<\/script>\n<!-- \/ Yoast SEO plugin. -->","yoast_head_json":{"title":"Zone r\u00e9serv\u00e9e - Miraglia Olive","robots":{"index":"index","follow":"follow","max-snippet":"max-snippet:-1","max-image-preview":"max-image-preview:large","max-video-preview":"max-video-preview:-1"},"canonical":"https:\/\/miragliaolive.com\/fr\/zone-reservee\/","og_locale":"fr_FR","og_type":"article","og_title":"Zone r\u00e9serv\u00e9e - Miraglia Olive","og_description":"Cette section est visible uniquement par les utilisateurs enregistr\u00e9s Connectez-vous pour voir les listes de&hellip;","og_url":"https:\/\/miragliaolive.com\/fr\/zone-reservee\/","og_site_name":"Miraglia Olive","article_modified_time":"2025-07-03T09:00:40+00:00","twitter_card":"summary_large_image","twitter_misc":{"Dur\u00e9e de lecture estim\u00e9e":"1 minute"},"schema":{"@context":"https:\/\/schema.org","@graph":[{"@type":"WebPage","@id":"https:\/\/miragliaolive.com\/fr\/zone-reservee\/","url":"https:\/\/miragliaolive.com\/fr\/zone-reservee\/","name":"Zone r\u00e9serv\u00e9e - Miraglia Olive","isPartOf":{"@id":"https:\/\/miragliaolive.com\/fr\/#website"},"datePublished":"2025-07-02T08:47:44+00:00","dateModified":"2025-07-03T09:00:40+00:00","breadcrumb":{"@id":"https:\/\/miragliaolive.com\/fr\/zone-reservee\/#breadcrumb"},"inLanguage":"fr-FR","potentialAction":[{"@type":"ReadAction","target":["https:\/\/miragliaolive.com\/fr\/zone-reservee\/"]}]},{"@type":"BreadcrumbList","@id":"https:\/\/miragliaolive.com\/fr\/zone-reservee\/#breadcrumb","itemListElement":[{"@type":"ListItem","position":1,"name":"Home","item":"https:\/\/miragliaolive.com\/fr\/"},{"@type":"ListItem","position":2,"name":"Zone r\u00e9serv\u00e9e"}]},{"@type":"WebSite","@id":"https:\/\/miragliaolive.com\/fr\/#website","url":"https:\/\/miragliaolive.com\/fr\/","name":"Miragliaolive","description":"Le Pi\u00f9 Belle Olive da Tavola","publisher":{"@id":"https:\/\/miragliaolive.com\/fr\/#organization"},"potentialAction":[{"@type":"SearchAction","target":{"@type":"EntryPoint","urlTemplate":"https:\/\/miragliaolive.com\/fr\/?s={search_term_string}"},"query-input":{"@type":"PropertyValueSpecification","valueRequired":true,"valueName":"search_term_string"}}],"inLanguage":"fr-FR"},{"@type":"Organization","@id":"https:\/\/miragliaolive.com\/fr\/#organization","name":"Miragliaolive","url":"https:\/\/miragliaolive.com\/fr\/","logo":{"@type":"ImageObject","inLanguage":"fr-FR","@id":"https:\/\/miragliaolive.com\/fr\/#\/schema\/logo\/image\/","url":"https:\/\/miragliaolive.com\/wp-content\/uploads\/2023\/09\/logo-desk.png","contentUrl":"https:\/\/miragliaolive.com\/wp-content\/uploads\/2023\/09\/logo-desk.png","width":364,"height":149,"caption":"Miragliaolive"},"image":{"@id":"https:\/\/miragliaolive.com\/fr\/#\/schema\/logo\/image\/"}}]}},"_links":{"self":[{"href":"https:\/\/miragliaolive.com\/fr\/wp-json\/wp\/v2\/pages\/6378","targetHints":{"allow":["GET"]}}],"collection":[{"href":"https:\/\/miragliaolive.com\/fr\/wp-json\/wp\/v2\/pages"}],"about":[{"href":"https:\/\/miragliaolive.com\/fr\/wp-json\/wp\/v2\/types\/page"}],"author":[{"embeddable":true,"href":"https:\/\/miragliaolive.com\/fr\/wp-json\/wp\/v2\/users\/2"}],"replies":[{"embeddable":true,"href":"https:\/\/miragliaolive.com\/fr\/wp-json\/wp\/v2\/comments?post=6378"}],"version-history":[{"count":8,"href":"https:\/\/miragliaolive.com\/fr\/wp-json\/wp\/v2\/pages\/6378\/revisions"}],"predecessor-version":[{"id":6484,"href":"https:\/\/miragliaolive.com\/fr\/wp-json\/wp\/v2\/pages\/6378\/revisions\/6484"}],"wp:attachment":[{"href":"https:\/\/miragliaolive.com\/fr\/wp-json\/wp\/v2\/media?parent=6378"}],"curies":[{"name":"wp","href":"https:\/\/api.w.org\/{rel}","templated":true}]}}