{"id":6064,"date":"2025-06-19T14:29:43","date_gmt":"2025-06-19T14:29:43","guid":{"rendered":"https:\/\/miragliaolive.com\/?post_type=product&#038;p=6064"},"modified":"2025-07-18T08:04:33","modified_gmt":"2025-07-18T08:04:33","slug":"tomates-sechees","status":"publish","type":"product","link":"https:\/\/miragliaolive.com\/fr\/produits\/tomates-sechees\/","title":{"rendered":"Tomates s\u00e9ch\u00e9es"},"content":{"rendered":"","protected":false},"excerpt":{"rendered":"","protected":false},"featured_media":6070,"template":"","meta":{"_acf_changed":false,"_monsterinsights_skip_tracking":false,"_monsterinsights_sitenote_active":false,"_monsterinsights_sitenote_note":"","_monsterinsights_sitenote_category":0,"_joinchat":[]},"product_brand":[],"product_cat":[271,268],"product_tag":[],"class_list":{"0":"post-6064","1":"product","2":"type-product","3":"status-publish","4":"has-post-thumbnail","6":"product_cat-plateaux","7":"product_cat-retail-fr","9":"first","10":"instock","11":"shipping-taxable","12":"product-type-simple"},"acf":[],"yoast_head":"<!-- This site is optimized with the Yoast SEO plugin v26.0 - https:\/\/yoast.com\/wordpress\/plugins\/seo\/ -->\n<title>Tomates s\u00e9ch\u00e9es - Miraglia Olive<\/title>\n<meta name=\"description\" content=\"Tomates s\u00e9ch\u00e9es au soleil Miraglia Olive en pot de 230 g, de la gamme grand public. D\u00e9couvrez et savourez les tomates s\u00e9ch\u00e9es au soleil Miraglia en pot.\" \/>\n<meta name=\"robots\" content=\"index, follow, max-snippet:-1, max-image-preview:large, max-video-preview:-1\" \/>\n<link rel=\"canonical\" href=\"https:\/\/miragliaolive.com\/fr\/produits\/tomates-sechees\/\" \/>\n<meta property=\"og:locale\" content=\"fr_FR\" \/>\n<meta property=\"og:type\" content=\"article\" \/>\n<meta property=\"og:title\" content=\"Tomates s\u00e9ch\u00e9es - Miraglia Olive\" \/>\n<meta property=\"og:description\" content=\"Tomates s\u00e9ch\u00e9es au soleil Miraglia Olive en pot de 230 g, de la gamme grand public. D\u00e9couvrez et savourez les tomates s\u00e9ch\u00e9es au soleil Miraglia en pot.\" \/>\n<meta property=\"og:url\" content=\"https:\/\/miragliaolive.com\/fr\/produits\/tomates-sechees\/\" \/>\n<meta property=\"og:site_name\" content=\"Miraglia Olive\" \/>\n<meta property=\"article:modified_time\" content=\"2025-07-18T08:04:33+00:00\" \/>\n<meta property=\"og:image\" content=\"https:\/\/miragliaolive.com\/wp-content\/uploads\/2025\/06\/podomori-secchi-vascetta-2.jpg\" \/>\n\t<meta property=\"og:image:width\" content=\"1000\" \/>\n\t<meta property=\"og:image:height\" content=\"1000\" \/>\n\t<meta property=\"og:image:type\" content=\"image\/jpeg\" \/>\n<meta name=\"twitter:card\" content=\"summary_large_image\" \/>\n<meta name=\"twitter:label1\" content=\"Dur\u00e9e de lecture estim\u00e9e\" \/>\n\t<meta name=\"twitter:data1\" content=\"1 minute\" \/>\n<script type=\"application\/ld+json\" class=\"yoast-schema-graph\">{\"@context\":\"https:\/\/schema.org\",\"@graph\":[{\"@type\":[\"WebPage\",\"ProfilePage\"],\"@id\":\"https:\/\/miragliaolive.com\/fr\/produits\/tomates-sechees\/\",\"url\":\"https:\/\/miragliaolive.com\/fr\/produits\/tomates-sechees\/\",\"name\":\"Tomates s\u00e9ch\u00e9es - Miraglia Olive\",\"isPartOf\":{\"@id\":\"https:\/\/miragliaolive.com\/fr\/#website\"},\"primaryImageOfPage\":{\"@id\":\"https:\/\/miragliaolive.com\/fr\/produits\/tomates-sechees\/#primaryimage\"},\"image\":{\"@id\":\"https:\/\/miragliaolive.com\/fr\/produits\/tomates-sechees\/#primaryimage\"},\"thumbnailUrl\":\"https:\/\/miragliaolive.com\/wp-content\/uploads\/2025\/06\/podomori-secchi-vascetta-2.jpg\",\"datePublished\":\"2025-06-19T14:29:43+00:00\",\"dateModified\":\"2025-07-18T08:04:33+00:00\",\"description\":\"Tomates s\u00e9ch\u00e9es au soleil Miraglia Olive en pot de 230 g, de la gamme grand public. D\u00e9couvrez et savourez les tomates s\u00e9ch\u00e9es au soleil Miraglia en pot.\",\"breadcrumb\":{\"@id\":\"https:\/\/miragliaolive.com\/fr\/produits\/tomates-sechees\/#breadcrumb\"},\"inLanguage\":\"fr-FR\",\"potentialAction\":[{\"@type\":\"ReadAction\",\"target\":[\"https:\/\/miragliaolive.com\/fr\/produits\/tomates-sechees\/\"]}]},{\"@type\":\"ImageObject\",\"inLanguage\":\"fr-FR\",\"@id\":\"https:\/\/miragliaolive.com\/fr\/produits\/tomates-sechees\/#primaryimage\",\"url\":\"https:\/\/miragliaolive.com\/wp-content\/uploads\/2025\/06\/podomori-secchi-vascetta-2.jpg\",\"contentUrl\":\"https:\/\/miragliaolive.com\/wp-content\/uploads\/2025\/06\/podomori-secchi-vascetta-2.jpg\",\"width\":1000,\"height\":1000,\"caption\":\"pomodori secchi vaschetta\"},{\"@type\":\"BreadcrumbList\",\"@id\":\"https:\/\/miragliaolive.com\/fr\/produits\/tomates-sechees\/#breadcrumb\",\"itemListElement\":[{\"@type\":\"ListItem\",\"position\":1,\"name\":\"Home\",\"item\":\"https:\/\/miragliaolive.com\/fr\/\"},{\"@type\":\"ListItem\",\"position\":2,\"name\":\"Produits\",\"item\":\"https:\/\/miragliaolive.com\/fr\/shop\/\"},{\"@type\":\"ListItem\",\"position\":3,\"name\":\"Tomates s\u00e9ch\u00e9es\"}]},{\"@type\":\"WebSite\",\"@id\":\"https:\/\/miragliaolive.com\/fr\/#website\",\"url\":\"https:\/\/miragliaolive.com\/fr\/\",\"name\":\"Miragliaolive\",\"description\":\"Le Pi\u00f9 Belle Olive da Tavola\",\"publisher\":{\"@id\":\"https:\/\/miragliaolive.com\/fr\/#organization\"},\"potentialAction\":[{\"@type\":\"SearchAction\",\"target\":{\"@type\":\"EntryPoint\",\"urlTemplate\":\"https:\/\/miragliaolive.com\/fr\/?s={search_term_string}\"},\"query-input\":{\"@type\":\"PropertyValueSpecification\",\"valueRequired\":true,\"valueName\":\"search_term_string\"}}],\"inLanguage\":\"fr-FR\"},{\"@type\":\"Organization\",\"@id\":\"https:\/\/miragliaolive.com\/fr\/#organization\",\"name\":\"Miragliaolive\",\"url\":\"https:\/\/miragliaolive.com\/fr\/\",\"logo\":{\"@type\":\"ImageObject\",\"inLanguage\":\"fr-FR\",\"@id\":\"https:\/\/miragliaolive.com\/fr\/#\/schema\/logo\/image\/\",\"url\":\"https:\/\/miragliaolive.com\/wp-content\/uploads\/2023\/09\/logo-desk.png\",\"contentUrl\":\"https:\/\/miragliaolive.com\/wp-content\/uploads\/2023\/09\/logo-desk.png\",\"width\":364,\"height\":149,\"caption\":\"Miragliaolive\"},\"image\":{\"@id\":\"https:\/\/miragliaolive.com\/fr\/#\/schema\/logo\/image\/\"},\"mainEntityOfPage\":{\"@id\":\"https:\/\/miragliaolive.com\/fr\/produits\/tomates-sechees\/\"}}]}<\/script>\n<!-- \/ Yoast SEO plugin. -->","yoast_head_json":{"title":"Tomates s\u00e9ch\u00e9es - Miraglia Olive","description":"Tomates s\u00e9ch\u00e9es au soleil Miraglia Olive en pot de 230 g, de la gamme grand public. D\u00e9couvrez et savourez les tomates s\u00e9ch\u00e9es au soleil Miraglia en pot.","robots":{"index":"index","follow":"follow","max-snippet":"max-snippet:-1","max-image-preview":"max-image-preview:large","max-video-preview":"max-video-preview:-1"},"canonical":"https:\/\/miragliaolive.com\/fr\/produits\/tomates-sechees\/","og_locale":"fr_FR","og_type":"article","og_title":"Tomates s\u00e9ch\u00e9es - Miraglia Olive","og_description":"Tomates s\u00e9ch\u00e9es au soleil Miraglia Olive en pot de 230 g, de la gamme grand public. D\u00e9couvrez et savourez les tomates s\u00e9ch\u00e9es au soleil Miraglia en pot.","og_url":"https:\/\/miragliaolive.com\/fr\/produits\/tomates-sechees\/","og_site_name":"Miraglia Olive","article_modified_time":"2025-07-18T08:04:33+00:00","og_image":[{"width":1000,"height":1000,"url":"https:\/\/miragliaolive.com\/wp-content\/uploads\/2025\/06\/podomori-secchi-vascetta-2.jpg","type":"image\/jpeg"}],"twitter_card":"summary_large_image","twitter_misc":{"Dur\u00e9e de lecture estim\u00e9e":"1 minute"},"schema":{"@context":"https:\/\/schema.org","@graph":[{"@type":["WebPage","ProfilePage"],"@id":"https:\/\/miragliaolive.com\/fr\/produits\/tomates-sechees\/","url":"https:\/\/miragliaolive.com\/fr\/produits\/tomates-sechees\/","name":"Tomates s\u00e9ch\u00e9es - Miraglia Olive","isPartOf":{"@id":"https:\/\/miragliaolive.com\/fr\/#website"},"primaryImageOfPage":{"@id":"https:\/\/miragliaolive.com\/fr\/produits\/tomates-sechees\/#primaryimage"},"image":{"@id":"https:\/\/miragliaolive.com\/fr\/produits\/tomates-sechees\/#primaryimage"},"thumbnailUrl":"https:\/\/miragliaolive.com\/wp-content\/uploads\/2025\/06\/podomori-secchi-vascetta-2.jpg","datePublished":"2025-06-19T14:29:43+00:00","dateModified":"2025-07-18T08:04:33+00:00","description":"Tomates s\u00e9ch\u00e9es au soleil Miraglia Olive en pot de 230 g, de la gamme grand public. D\u00e9couvrez et savourez les tomates s\u00e9ch\u00e9es au soleil Miraglia en pot.","breadcrumb":{"@id":"https:\/\/miragliaolive.com\/fr\/produits\/tomates-sechees\/#breadcrumb"},"inLanguage":"fr-FR","potentialAction":[{"@type":"ReadAction","target":["https:\/\/miragliaolive.com\/fr\/produits\/tomates-sechees\/"]}]},{"@type":"ImageObject","inLanguage":"fr-FR","@id":"https:\/\/miragliaolive.com\/fr\/produits\/tomates-sechees\/#primaryimage","url":"https:\/\/miragliaolive.com\/wp-content\/uploads\/2025\/06\/podomori-secchi-vascetta-2.jpg","contentUrl":"https:\/\/miragliaolive.com\/wp-content\/uploads\/2025\/06\/podomori-secchi-vascetta-2.jpg","width":1000,"height":1000,"caption":"pomodori secchi vaschetta"},{"@type":"BreadcrumbList","@id":"https:\/\/miragliaolive.com\/fr\/produits\/tomates-sechees\/#breadcrumb","itemListElement":[{"@type":"ListItem","position":1,"name":"Home","item":"https:\/\/miragliaolive.com\/fr\/"},{"@type":"ListItem","position":2,"name":"Produits","item":"https:\/\/miragliaolive.com\/fr\/shop\/"},{"@type":"ListItem","position":3,"name":"Tomates s\u00e9ch\u00e9es"}]},{"@type":"WebSite","@id":"https:\/\/miragliaolive.com\/fr\/#website","url":"https:\/\/miragliaolive.com\/fr\/","name":"Miragliaolive","description":"Le Pi\u00f9 Belle Olive da Tavola","publisher":{"@id":"https:\/\/miragliaolive.com\/fr\/#organization"},"potentialAction":[{"@type":"SearchAction","target":{"@type":"EntryPoint","urlTemplate":"https:\/\/miragliaolive.com\/fr\/?s={search_term_string}"},"query-input":{"@type":"PropertyValueSpecification","valueRequired":true,"valueName":"search_term_string"}}],"inLanguage":"fr-FR"},{"@type":"Organization","@id":"https:\/\/miragliaolive.com\/fr\/#organization","name":"Miragliaolive","url":"https:\/\/miragliaolive.com\/fr\/","logo":{"@type":"ImageObject","inLanguage":"fr-FR","@id":"https:\/\/miragliaolive.com\/fr\/#\/schema\/logo\/image\/","url":"https:\/\/miragliaolive.com\/wp-content\/uploads\/2023\/09\/logo-desk.png","contentUrl":"https:\/\/miragliaolive.com\/wp-content\/uploads\/2023\/09\/logo-desk.png","width":364,"height":149,"caption":"Miragliaolive"},"image":{"@id":"https:\/\/miragliaolive.com\/fr\/#\/schema\/logo\/image\/"},"mainEntityOfPage":{"@id":"https:\/\/miragliaolive.com\/fr\/produits\/tomates-sechees\/"}}]}},"_links":{"self":[{"href":"https:\/\/miragliaolive.com\/fr\/wp-json\/wp\/v2\/product\/6064","targetHints":{"allow":["GET"]}}],"collection":[{"href":"https:\/\/miragliaolive.com\/fr\/wp-json\/wp\/v2\/product"}],"about":[{"href":"https:\/\/miragliaolive.com\/fr\/wp-json\/wp\/v2\/types\/product"}],"wp:featuredmedia":[{"embeddable":true,"href":"https:\/\/miragliaolive.com\/fr\/wp-json\/wp\/v2\/media\/6070"}],"wp:attachment":[{"href":"https:\/\/miragliaolive.com\/fr\/wp-json\/wp\/v2\/media?parent=6064"}],"wp:term":[{"taxonomy":"product_brand","embeddable":true,"href":"https:\/\/miragliaolive.com\/fr\/wp-json\/wp\/v2\/product_brand?post=6064"},{"taxonomy":"product_cat","embeddable":true,"href":"https:\/\/miragliaolive.com\/fr\/wp-json\/wp\/v2\/product_cat?post=6064"},{"taxonomy":"product_tag","embeddable":true,"href":"https:\/\/miragliaolive.com\/fr\/wp-json\/wp\/v2\/product_tag?post=6064"}],"curies":[{"name":"wp","href":"https:\/\/api.w.org\/{rel}","templated":true}]}}